{"id":11988,"date":"2023-04-13T07:26:51","date_gmt":"2023-04-13T07:26:51","guid":{"rendered":"https:\/\/gefico.com\/?page_id=11988"},"modified":"2023-04-13T08:07:36","modified_gmt":"2023-04-13T08:07:36","slug":"condiciones-generales-compra","status":"publish","type":"page","link":"https:\/\/gefico.com\/index.php\/condiciones-generales-compra\/","title":{"rendered":"Condiciones Generales de Compra"},"content":{"rendered":"<p>[et_pb_section fb_built=\u00bb1&#8243; _builder_version=\u00bb4.20.0&#8243; _module_preset=\u00bbdefault\u00bb da_disable_devices=\u00bboff|off|off\u00bb global_colors_info=\u00bb{}\u00bb da_is_popup=\u00bboff\u00bb da_exit_intent=\u00bboff\u00bb da_has_close=\u00bbon\u00bb da_alt_close=\u00bboff\u00bb da_dark_close=\u00bboff\u00bb da_not_modal=\u00bbon\u00bb da_is_singular=\u00bboff\u00bb da_with_loader=\u00bboff\u00bb da_has_shadow=\u00bbon\u00bb][et_pb_row _builder_version=\u00bb4.20.0&#8243; _module_preset=\u00bbdefault\u00bb global_colors_info=\u00bb{}\u00bb][et_pb_column type=\u00bb4_4&#8243; _builder_version=\u00bb4.20.0&#8243; _module_preset=\u00bbdefault\u00bb global_colors_info=\u00bb{}\u00bb][\/et_pb_column][\/et_pb_row][\/et_pb_section][et_pb_section fb_built=\u00bb1&#8243; _builder_version=\u00bb4.16&#8243; da_disable_devices=\u00bboff|off|off\u00bb global_colors_info=\u00bb{}\u00bb da_is_popup=\u00bboff\u00bb da_exit_intent=\u00bboff\u00bb da_has_close=\u00bbon\u00bb da_alt_close=\u00bboff\u00bb da_dark_close=\u00bboff\u00bb da_not_modal=\u00bbon\u00bb da_is_singular=\u00bboff\u00bb da_with_loader=\u00bboff\u00bb da_has_shadow=\u00bbon\u00bb][\/et_pb_section][et_pb_section fb_built=\u00bb1&#8243; admin_label=\u00bbSubscription Section\u00bb _builder_version=\u00bb4.16&#8243; use_background_color_gradient=\u00bbon\u00bb background_color_gradient_stops=\u00bbrgba(0,0,0,0.7) 0%|rgba(0,0,0,0.4) 100%\u00bb background_color_gradient_overlays_image=\u00bbon\u00bb background_color_gradient_start=\u00bbrgba(0,0,0,0.7)\u00bb background_color_gradient_end=\u00bbrgba(0,0,0,0.4)\u00bb background_image=\u00bbhttps:\/\/gefico.com\/wp-content\/uploads\/2020\/06\/DSC01385-scaled-1.jpg\u00bb custom_padding=\u00bb159px||106px|||\u00bb da_disable_devices=\u00bboff|off|off\u00bb locked=\u00bboff\u00bb global_colors_info=\u00bb{}\u00bb da_is_popup=\u00bboff\u00bb da_exit_intent=\u00bboff\u00bb da_has_close=\u00bbon\u00bb da_alt_close=\u00bboff\u00bb da_dark_close=\u00bboff\u00bb da_not_modal=\u00bbon\u00bb da_is_singular=\u00bboff\u00bb da_with_loader=\u00bboff\u00bb da_has_shadow=\u00bbon\u00bb][et_pb_row _builder_version=\u00bb4.16&#8243; custom_margin=\u00bb10px|auto||auto||\u00bb locked=\u00bboff\u00bb global_colors_info=\u00bb{}\u00bb][et_pb_column type=\u00bb4_4&#8243; _builder_version=\u00bb4.16&#8243; custom_padding=\u00bb|||\u00bb global_colors_info=\u00bb{}\u00bb custom_padding__hover=\u00bb|||\u00bb][et_pb_text admin_label=\u00bbTitle\u00bb _builder_version=\u00bb4.16&#8243; text_font=\u00bb||||||||\u00bb header_font=\u00bb|300|||||||\u00bb header_font_size=\u00bb60px\u00bb header_line_height=\u00bb1.2em\u00bb header_2_font=\u00bbAbril Fatface||||||||\u00bb header_2_font_size=\u00bb60px\u00bb header_2_line_height=\u00bb1.3em\u00bb text_orientation=\u00bbcenter\u00bb background_layout=\u00bbdark\u00bb custom_margin=\u00bb-3px||10px|||\u00bb custom_padding=\u00bb0px|||||\u00bb animation_style=\u00bbfade\u00bb animation_direction=\u00bbleft\u00bb animation_starting_opacity=\u00bb100%\u00bb header_font_size_tablet=\u00bb50px\u00bb header_font_size_phone=\u00bb50px\u00bb header_font_size_last_edited=\u00bbon|desktop\u00bb header_2_font_size_tablet=\u00bb40px\u00bb header_2_font_size_phone=\u00bb\u00bb header_2_font_size_last_edited=\u00bbon|tablet\u00bb global_colors_info=\u00bb{}\u00bb]<\/p>\n<h1>Condiciones Generales de Compra<\/h1>\n<p>[\/et_pb_text][et_pb_text admin_label=\u00bbSubtitle\u00bb _builder_version=\u00bb4.16&#8243; text_font=\u00bbQuattrocento||||||||\u00bb text_font_size=\u00bb18px\u00bb text_line_height=\u00bb2.2em\u00bb header_font=\u00bb||||||||\u00bb header_2_font=\u00bb||||||||\u00bb text_orientation=\u00bbcenter\u00bb background_layout=\u00bbdark\u00bb max_width=\u00bb700px\u00bb module_alignment=\u00bbcenter\u00bb animation_style=\u00bbfade\u00bb animation_direction=\u00bbleft\u00bb animation_starting_opacity=\u00bb100%\u00bb global_colors_info=\u00bb{}\u00bb][\/et_pb_text][\/et_pb_column][\/et_pb_row][\/et_pb_section][et_pb_section fb_built=\u00bb1&#8243; _builder_version=\u00bb4.16&#8243; da_disable_devices=\u00bboff|off|off\u00bb locked=\u00bboff\u00bb global_colors_info=\u00bb{}\u00bb da_is_popup=\u00bboff\u00bb da_exit_intent=\u00bboff\u00bb da_has_close=\u00bbon\u00bb da_alt_close=\u00bboff\u00bb da_dark_close=\u00bboff\u00bb da_not_modal=\u00bbon\u00bb da_is_singular=\u00bboff\u00bb da_with_loader=\u00bboff\u00bb da_has_shadow=\u00bbon\u00bb][et_pb_row _builder_version=\u00bb4.16&#8243; width=\u00bb78.6%\u00bb custom_margin=\u00bb1px|auto||auto||\u00bb custom_margin_tablet=\u00bb20px||||false|false\u00bb custom_margin_phone=\u00bb20px|auto||auto|false|false\u00bb custom_margin_last_edited=\u00bbon|desktop\u00bb global_colors_info=\u00bb{}\u00bb][et_pb_column type=\u00bb4_4&#8243; _builder_version=\u00bb4.16&#8243; global_colors_info=\u00bb{}\u00bb][et_pb_text _builder_version=\u00bb4.16&#8243; text_font=\u00bb||||||||\u00bb text_font_size=\u00bb17px\u00bb text_line_height=\u00bb1.8em\u00bb header_2_font=\u00bb||||||||\u00bb header_2_text_color=\u00bb#0033a1&#8243; min_height=\u00bb2378px\u00bb custom_margin=\u00bb3px|||||\u00bb global_colors_info=\u00bb{}\u00bb]<\/p>\n<h2 style=\"text-align: justify;\"><span style=\"font-size: 17px; text-align: justify; color: #666666;\">\u00a0 \u00a0 Las presentes Condiciones Generales de Compra (CGC) se aplicar\u00e1n a todas las compras y servicios concertados por el comprador y ser\u00e1n de obligada aplicaci\u00f3n por el proveedor desde el momento en que se acepte el pedido. La aceptaci\u00f3n del pedido supone el perfecto conocimiento y la plena aceptaci\u00f3n sin reservas de estas CGC. Cualquier excepci\u00f3n a estas Condiciones Generales por parte del proveedor s\u00f3lo ser\u00e1 v\u00e1lida si ha sido formulada por escrito con anterioridad a la aceptaci\u00f3n del pedido y ha sido aprobada expl\u00edcitamente por el departamento de compras de GEFICO S.L.<\/span><\/h2>\n<p>&nbsp;<\/p>\n<h2>1. PEDIDOS<\/h2>\n<p style=\"text-align: justify;\"><span style=\"font-size: 17px;\"> S\u00f3lo ser\u00e1n v\u00e1lidos los pedidos realizados por escrito en los impresos del comprador. Asimismo, el proveedor se obliga a aceptar y confirmar por escrito todos los pedidos del comprador. La cesi\u00f3n o subcontrataci\u00f3n total o parcial del pedido por parte del proveedor exigir\u00e1 para su validez la previa autorizaci\u00f3n por escrito del comprador.<\/span><span style=\"font-size: 17px;\"><\/span><span style=\"font-size: 17px;\"><\/span><\/p>\n<p><span style=\"font-size: 17px;\"><\/span><\/p>\n<p><span style=\"font-size: 17px;\"><\/span><\/p>\n<h2>2. ENTREGA DE LA MERCANC\u00cdA<\/h2>\n<p style=\"text-align: justify;\">Los gastos de env\u00edo y transporte hasta el lugar de entrega ser\u00e1n por cuenta del proveedor, salvo que en el pedido se indique otra cosa.\u00a0 Cada entrega de material ir\u00e1 acompa\u00f1ada, de modo obligado, del correspondiente albar\u00e1n del proveedor, con indicaci\u00f3n del contenido, el precio, el n\u00famero de pedido y el n\u00famero de bultos. Ser\u00e1n por cuenta del proveedor todos los riesgos inherentes a la operaci\u00f3n hasta la entrega en destino.<\/p>\n<p>&nbsp;<\/p>\n<h2>3. ENTREGA Y ACEPTACI\u00d3N<\/h2>\n<p style=\"text-align: justify;\">La entrega de los bienes, productos o ejecuci\u00f3n de los servicios deber\u00e1 efectuarse en la fecha, lugar y condiciones acordados con el comprador. El proveedor est\u00e1 obligado a cumplir la fecha de entrega final y las fechas de entrega parciales fijadas en el pedido.<\/p>\n<p style=\"text-align: justify;\">Ser\u00e1 reconocida como v\u00e1lida \u00fanicamente la cantidad de material controlada a la entrega. En caso de excedente de material a la entrega, los gastos de la devoluci\u00f3n correr\u00e1n por cuenta y a cargo del proveedor. La entrega al personal encargado de la recepci\u00f3n de la mercanc\u00eda, no implica la aceptaci\u00f3n de la misma, la cual ser\u00e1 siempre recibida pero \u201ca falta de verificaci\u00f3n posterior\u201d. El personal del comprador proceder\u00e1 a la revisi\u00f3n del producto o servicio en el momento de la recepci\u00f3n del mismo, momento en el que puede aparecer alguna incidencia. En su caso, se proceder\u00e1 a comunicar la misma al proveedor. Si de esta verificaci\u00f3n resultara el material no conforme, ser\u00e1 devuelto al proveedor, siendo por su cuenta los gastos correspondientes.<\/p>\n<p style=\"text-align: justify;\">El comprador valorar\u00e1 el desarrollo de sus proveedores en funci\u00f3n de la prestaci\u00f3n del servicio atendiendo a los est\u00e1ndares de calidad de la Compa\u00f1\u00eda y a las no conformidades abiertas en cada ejercicio, pudiendo ser descatalogado en el caso de que no se cumpla de forma reiterada con los requisitos emitidos desde el comprador.<\/p>\n<p style=\"text-align: justify;\">El embalaje de los productos ser\u00e1 el apropiado para su transporte, conservaci\u00f3n y almacenamiento. Los da\u00f1os que se originen por defectos del embalaje ser\u00e1n a cargo del proveedor.<\/p>\n<p>&nbsp;<\/p>\n<h2>4. PLAZOS DE ENTREGA. PENALIDAD POR INCUMPLIMIENTO<\/h2>\n<p style=\"text-align: justify;\">Los plazos de entrega contenidos en el pedido se entienden obligatorios y constituyen condici\u00f3n esencial de la operaci\u00f3n. Comenzar\u00e1n a contar desde la fecha del pedido. Se entiende por entrega el momento en el que el proveedor entrega f\u00edsicamente los materiales al comprador en el lugar indicado en el pedido, o pone a su disposici\u00f3n la instalaci\u00f3n objeto del mismo recepcionada y en funcionamiento,<br \/>acompa\u00f1ada de los manuales de uso y toda la documentaci\u00f3n necesaria para una correcta utilizaci\u00f3n o aprovechamiento de los bienes o servicios adquiridos.<\/p>\n<p style=\"text-align: justify;\">Debido a su car\u00e1cter esencial, el proveedor est\u00e1 obligado a cumplir estrictamente los plazos de entrega fijados en el pedido. El incumplimiento de dichos plazos faculta al comprador para, en cualquier momento, a su elecci\u00f3n:<\/p>\n<ol>\n<li style=\"text-align: justify;\">Dar por resuelto el contrato, anular el pedido y rechazar los materiales o servicios objeto del mismo.<\/li>\n<li style=\"text-align: justify;\">Contratar, con cargo al proveedor, a otro tercero para la prestaci\u00f3n del servicio y\/o el suministro de los bienes objeto de contrato.<\/li>\n<\/ol>\n<p style=\"text-align: justify;\">Independientemente de lo anterior, el comprador se reserva la posibilidad de ejercitar las acciones legales oportunas tendentes a reparar los da\u00f1os y perjuicios que el incumplimiento del proveedor pudiese irrogarle.<\/p>\n<p style=\"text-align: justify;\">Asimismo, el incumplimiento de los plazos de entrega por parte del proveedor le obliga autom\u00e1ticamente a \u00e9ste al pago de una penalidad del 1% del valor del pedido por cada semana o fracci\u00f3n de retraso, hasta un m\u00e1ximo de un 10 %.<\/p>\n<p>&nbsp;<\/p>\n<h2>5. PRECIOS<\/h2>\n<p style=\"text-align: justify;\">Las ofertas presentadas a petici\u00f3n del departamento de compras de GEFICO S.L. deber\u00e1n tener un plazo m\u00ednimo de validez de 90 d\u00edas naturales. Los precios convenidos de los productos, servicios y obras objeto del pedido, se considerar\u00e1n fijos y no susceptibles de modificaci\u00f3n por parte del proveedor. Los precios unitarios establecidos en el pedido no deben incluir el IVA vigente.<\/p>\n<p>&nbsp;<\/p>\n<h2>6. CONDICIONES DE PAGO<\/h2>\n<p style=\"text-align: justify;\">Las facturas se enviar\u00e1n como m\u00e1ximo una semana despu\u00e9s de la entrega del material, instalaci\u00f3n o servicio. Solamente podr\u00e1n emitirse facturas de aquellas partidas recepcionadas de acuerdo con los plazos y condiciones de entrega acordados. En dichas facturas debe hacerse referencia al n\u00famero de pedido y n\u00famero de albar\u00e1n del proveedor. <strong>La forma de pago ser\u00e1 a 60 d\u00edas desde la fecha de la factura, formaliz\u00e1ndose los pagos los d\u00edas 10 o 25 de cada mes o inmediato h\u00e1bil siguiente<\/strong>. Cualquier negociaci\u00f3n en la forma de pago diferente a la mencionada en el p\u00e1rrafo anterior ser\u00e1 reflejada en el pedido.<\/p>\n<p style=\"text-align: justify;\">\n<p style=\"text-align: justify;\">\n<h2><\/h2>\n<h2>7. GARANT\u00cdA Y RESPONSABILIDAD<\/h2>\n<p style=\"text-align: justify;\">El proveedor garantiza los productos, servicios y\/u obras contra todo defecto, y por el per\u00edodo establecido de acuerdo a la legislaci\u00f3n vigente, a partir de su puesta en servicio.<\/p>\n<p style=\"text-align: justify;\">Durante dicho per\u00edodo de garant\u00eda, el proveedor se compromete a reponer, reparar los productos defectuosos y a realizar los servicios y\/u obras adicionales para la obtenci\u00f3n del resultado acorde a lo pactado, incluyendo los materiales que sean precisos sin coste adicional.<\/p>\n<p style=\"text-align: justify;\">El Proveedor deber\u00e1 garantizar que ostenta la titularidad de los bienes y servicios que se obliga a suministrar, que tiene sobre ellos la plena disponibilidad y que est\u00e1n libres de todo tipo de cargas y grav\u00e1menes, no existiendo obst\u00e1culo alguno que impida su transmisi\u00f3n al Comprador el libre y pac\u00edfico uso y comercializaci\u00f3n por parte de \u00e9ste.<\/p>\n<p style=\"text-align: justify;\">El Proveedor garantiza igualmente la calidad de dichos bienes y servicios y el cumplimiento de las condiciones t\u00e9cnicas y otras contenidas en el pedido con respecto a su funcionamiento y prestaciones, as\u00ed como la ausencia de defectos de cualquier clase en los materiales empleados y en su dise\u00f1o, fabricaci\u00f3n y desarrollo.<\/p>\n<p style=\"text-align: justify;\">Salvo disposici\u00f3n legal que lo ampl\u00ede o pacto en contrario, la duraci\u00f3n de la garant\u00eda ser\u00e1 de 2 a\u00f1os contados a partir de la recepci\u00f3n del pedido o la puesta en marcha de la instalaci\u00f3n que se trate. Durante este periodo el Proveedor, a requerimiento del Comprador, queda obligado a sustituir y\/o reparar a su cargo los materiales o las instalaciones defectuosas, en el lugar donde se encuentren. Efectuadas las reparaciones y\/o reposiciones indicadas a conformidad del Comprador, se abrir\u00e1 un nuevo periodo de garant\u00eda, de igual duraci\u00f3n que el inicial, con respecto a los bienes sustituidos y\/o reparados.<\/p>\n<p style=\"text-align: justify;\">Las reparaciones y\/o sustituciones deber\u00e1n efectuarse en el plazo que se\u00f1ale el comprador, del modo que resulte menos perjudicial. En caso contrario, el comprador podr\u00e1 llevar a cabo los trabajos necesarios por si misma o por terceros con cargo al Proveedor.<\/p>\n<p>&nbsp;<\/p>\n<h2>8. BIENES PROPIEDAD DEL COMPRADOR<\/h2>\n<p style=\"text-align: justify;\">Los modelos, moldes, \u00fatiles, utillajes, muestras, dispositivos de fabricaci\u00f3n, herramientas, medios e instrumentos de medici\u00f3n y ensayo, dibujos, planos, dise\u00f1os, hojas de normas de f\u00e1brica, formularios, impresos y otros elementos similares, as\u00ed como los materiales, productos o prestaciones propiedad del Comprador que hayan sido puestos por \u00e9ste a disposici\u00f3n del Proveedor para el cumplimiento del pedido, deber\u00e1n entenderse en concepto de dep\u00f3sito y seguir\u00e1n siendo de la propiedad plena y exclusiva del Comprador. En ning\u00fan caso los anteriores bienes podr\u00e1n ser reproducidos o cedidos a terceros sin la conformidad previa y escrita del Comprador, su uso permanecer\u00e1 reservado al Proveedor a los fines exclusivos de la ejecuci\u00f3n del pedido y no podr\u00e1n ser conocidos ni utilizados por personas no autorizadas por el Comprador.<\/p>\n<p style=\"text-align: justify;\">El Proveedor deber\u00e1 conservar toda la informaci\u00f3n y bienes anteriores con el cuidado y celo necesarios, indicando que su propiedad pertenece al Comprador, y deber\u00e1 devolverlos a \u00e9ste en forma inmediata una vez haya sido cumplimentado y suministrado el objeto del pedido.<\/p>\n<p style=\"text-align: justify;\">\n<p style=\"text-align: justify;\">\n<h2>9. CONFIDENCIALIDAD y PROTECCI\u00d3N DE DATOS<\/h2>\n<p style=\"text-align: justify;\">En cumplimiento de lo dispuesto en la Legislaci\u00f3n de Protecci\u00f3n de Datos en vigor, los datos de car\u00e1cter personal facilitados por el Vendedor formar\u00e1n parte del fichero de proveedores del Comprador, cuyos fines son el mantenimiento de la relaci\u00f3n contractual, el control y gesti\u00f3n de las compras y sus correspondientes pagos. El Comprador tratar\u00e1 dichos datos con la m\u00e1xima confidencialidad, y se compromete a no utilizarlos con un fin distinto a aquel para el que han sido recabados as\u00ed como a conservarlos con las debidas medidas que garanticen su seguridad y eviten su alteraci\u00f3n, p\u00e9rdida, tratamiento o acceso no autorizados.<\/p>\n<p style=\"text-align: justify;\">El Comprador se compromete a guardar secreto profesional respecto de los referidos datos personales, incluso una vez finalizada la relaci\u00f3n contractual.<\/p>\n<p style=\"text-align: justify;\">El Proveedor tiene la posibilidad de ejercitar los derechos de acceso, rectificaci\u00f3n, cancelaci\u00f3n y oposici\u00f3n dirigiendo una comunicaci\u00f3n por escrito al GEFICO SL, Pol\u00edgono do Acevedo, Parcela A, 15174 Cerceda (A Coru\u00f1a).<\/p>\n<p>&nbsp;<\/p>\n<p>&nbsp;<\/p>\n<h2>10. JURISDICCI\u00d3N<\/h2>\n<p style=\"text-align: justify;\">Para todas cuantas acciones dimanen de este contrato o guarden relaci\u00f3n con su cumplimiento, incumplimiento, interpretaci\u00f3n o extinci\u00f3n, las partes se someten a los Juzgados y Tribunales de A Coru\u00f1a.<\/p>\n<p>&nbsp;<\/p>\n<p>[\/et_pb_text][\/et_pb_column][\/et_pb_row][\/et_pb_section]<\/p>\n","protected":false},"excerpt":{"rendered":"<p>Condiciones Generales de Compra\u00a0 \u00a0 Las presentes Condiciones Generales de Compra (CGC) se aplicar\u00e1n a todas las compras y servicios concertados por el comprador y ser\u00e1n de obligada aplicaci\u00f3n por el proveedor desde el momento en que se acepte el pedido. La aceptaci\u00f3n del pedido supone el perfecto conocimiento y la plena aceptaci\u00f3n sin reservas [&hellip;]<\/p>\n","protected":false},"author":1,"featured_media":0,"parent":0,"menu_order":0,"comment_status":"closed","ping_status":"closed","template":"","meta":{"_et_pb_use_builder":"on","_et_pb_old_content":"","_et_gb_content_width":"","_monsterinsights_skip_tracking":false,"_monsterinsights_sitenote_active":false,"_monsterinsights_sitenote_note":"","_monsterinsights_sitenote_category":0,"_uf_show_specific_survey":0,"_uf_disable_surveys":false,"footnotes":""},"class_list":["post-11988","page","type-page","status-publish","hentry"],"yoast_head":"<!-- This site is optimized with the Yoast SEO plugin v23.8 - https:\/\/yoast.com\/wordpress\/plugins\/seo\/ -->\n<title>Condiciones Generales de Compra - Gefico Enterprise<\/title>\n<meta name=\"robots\" content=\"index, follow, max-snippet:-1, max-image-preview:large, max-video-preview:-1\" \/>\n<link rel=\"canonical\" href=\"https:\/\/gefico.com\/index.php\/condiciones-generales-compra\/\" \/>\n<meta property=\"og:locale\" content=\"es_ES\" \/>\n<meta property=\"og:type\" content=\"article\" \/>\n<meta property=\"og:title\" content=\"Condiciones Generales de Compra - Gefico Enterprise\" \/>\n<meta property=\"og:description\" content=\"Condiciones Generales de Compra\u00a0 \u00a0 Las presentes Condiciones Generales de Compra (CGC) se aplicar\u00e1n a todas las compras y servicios concertados por el comprador y ser\u00e1n de obligada aplicaci\u00f3n por el proveedor desde el momento en que se acepte el pedido. La aceptaci\u00f3n del pedido supone el perfecto conocimiento y la plena aceptaci\u00f3n sin reservas [&hellip;]\" \/>\n<meta property=\"og:url\" content=\"https:\/\/gefico.com\/index.php\/condiciones-generales-compra\/\" \/>\n<meta property=\"og:site_name\" content=\"Gefico Enterprise\" \/>\n<meta property=\"article:modified_time\" content=\"2023-04-13T08:07:36+00:00\" \/>\n<meta name=\"twitter:card\" content=\"summary_large_image\" \/>\n<meta name=\"twitter:label1\" content=\"Tiempo de lectura\" \/>\n\t<meta name=\"twitter:data1\" content=\"6 minutos\" \/>\n<script type=\"application\/ld+json\" class=\"yoast-schema-graph\">{\"@context\":\"https:\/\/schema.org\",\"@graph\":[{\"@type\":\"WebPage\",\"@id\":\"https:\/\/gefico.com\/index.php\/condiciones-generales-compra\/\",\"url\":\"https:\/\/gefico.com\/index.php\/condiciones-generales-compra\/\",\"name\":\"Condiciones Generales de Compra - Gefico Enterprise\",\"isPartOf\":{\"@id\":\"https:\/\/gefico.com\/#website\"},\"datePublished\":\"2023-04-13T07:26:51+00:00\",\"dateModified\":\"2023-04-13T08:07:36+00:00\",\"breadcrumb\":{\"@id\":\"https:\/\/gefico.com\/index.php\/condiciones-generales-compra\/#breadcrumb\"},\"inLanguage\":\"es\",\"potentialAction\":[{\"@type\":\"ReadAction\",\"target\":[\"https:\/\/gefico.com\/index.php\/condiciones-generales-compra\/\"]}]},{\"@type\":\"BreadcrumbList\",\"@id\":\"https:\/\/gefico.com\/index.php\/condiciones-generales-compra\/#breadcrumb\",\"itemListElement\":[{\"@type\":\"ListItem\",\"position\":1,\"name\":\"Home\",\"item\":\"https:\/\/gefico.com\/\"},{\"@type\":\"ListItem\",\"position\":2,\"name\":\"Condiciones Generales de Compra\"}]},{\"@type\":\"WebSite\",\"@id\":\"https:\/\/gefico.com\/#website\",\"url\":\"https:\/\/gefico.com\/\",\"name\":\"Gefico Enterprise\",\"description\":\"Water Solutions\",\"publisher\":{\"@id\":\"https:\/\/gefico.com\/#organization\"},\"potentialAction\":[{\"@type\":\"SearchAction\",\"target\":{\"@type\":\"EntryPoint\",\"urlTemplate\":\"https:\/\/gefico.com\/?s={search_term_string}\"},\"query-input\":{\"@type\":\"PropertyValueSpecification\",\"valueRequired\":true,\"valueName\":\"search_term_string\"}}],\"inLanguage\":\"es\"},{\"@type\":\"Organization\",\"@id\":\"https:\/\/gefico.com\/#organization\",\"name\":\"Gefico Enterprise S.L.\",\"url\":\"https:\/\/gefico.com\/\",\"logo\":{\"@type\":\"ImageObject\",\"inLanguage\":\"es\",\"@id\":\"https:\/\/gefico.com\/#\/schema\/logo\/image\/\",\"url\":\"https:\/\/gefico.com\/wp-content\/uploads\/2020\/07\/gefico_logo.png\",\"contentUrl\":\"https:\/\/gefico.com\/wp-content\/uploads\/2020\/07\/gefico_logo.png\",\"width\":2240,\"height\":797,\"caption\":\"Gefico Enterprise S.L.\"},\"image\":{\"@id\":\"https:\/\/gefico.com\/#\/schema\/logo\/image\/\"},\"sameAs\":[\"https:\/\/www.instagram.com\/geficowatermakers\",\"https:\/\/www.linkedin.com\/company\/gefico\/\"]}]}<\/script>\n<!-- \/ Yoast SEO plugin. -->","yoast_head_json":{"title":"Condiciones Generales de Compra - Gefico Enterprise","robots":{"index":"index","follow":"follow","max-snippet":"max-snippet:-1","max-image-preview":"max-image-preview:large","max-video-preview":"max-video-preview:-1"},"canonical":"https:\/\/gefico.com\/index.php\/condiciones-generales-compra\/","og_locale":"es_ES","og_type":"article","og_title":"Condiciones Generales de Compra - Gefico Enterprise","og_description":"Condiciones Generales de Compra\u00a0 \u00a0 Las presentes Condiciones Generales de Compra (CGC) se aplicar\u00e1n a todas las compras y servicios concertados por el comprador y ser\u00e1n de obligada aplicaci\u00f3n por el proveedor desde el momento en que se acepte el pedido. La aceptaci\u00f3n del pedido supone el perfecto conocimiento y la plena aceptaci\u00f3n sin reservas [&hellip;]","og_url":"https:\/\/gefico.com\/index.php\/condiciones-generales-compra\/","og_site_name":"Gefico Enterprise","article_modified_time":"2023-04-13T08:07:36+00:00","twitter_card":"summary_large_image","twitter_misc":{"Tiempo de lectura":"6 minutos"},"schema":{"@context":"https:\/\/schema.org","@graph":[{"@type":"WebPage","@id":"https:\/\/gefico.com\/index.php\/condiciones-generales-compra\/","url":"https:\/\/gefico.com\/index.php\/condiciones-generales-compra\/","name":"Condiciones Generales de Compra - Gefico Enterprise","isPartOf":{"@id":"https:\/\/gefico.com\/#website"},"datePublished":"2023-04-13T07:26:51+00:00","dateModified":"2023-04-13T08:07:36+00:00","breadcrumb":{"@id":"https:\/\/gefico.com\/index.php\/condiciones-generales-compra\/#breadcrumb"},"inLanguage":"es","potentialAction":[{"@type":"ReadAction","target":["https:\/\/gefico.com\/index.php\/condiciones-generales-compra\/"]}]},{"@type":"BreadcrumbList","@id":"https:\/\/gefico.com\/index.php\/condiciones-generales-compra\/#breadcrumb","itemListElement":[{"@type":"ListItem","position":1,"name":"Home","item":"https:\/\/gefico.com\/"},{"@type":"ListItem","position":2,"name":"Condiciones Generales de Compra"}]},{"@type":"WebSite","@id":"https:\/\/gefico.com\/#website","url":"https:\/\/gefico.com\/","name":"Gefico Enterprise","description":"Water Solutions","publisher":{"@id":"https:\/\/gefico.com\/#organization"},"potentialAction":[{"@type":"SearchAction","target":{"@type":"EntryPoint","urlTemplate":"https:\/\/gefico.com\/?s={search_term_string}"},"query-input":{"@type":"PropertyValueSpecification","valueRequired":true,"valueName":"search_term_string"}}],"inLanguage":"es"},{"@type":"Organization","@id":"https:\/\/gefico.com\/#organization","name":"Gefico Enterprise S.L.","url":"https:\/\/gefico.com\/","logo":{"@type":"ImageObject","inLanguage":"es","@id":"https:\/\/gefico.com\/#\/schema\/logo\/image\/","url":"https:\/\/gefico.com\/wp-content\/uploads\/2020\/07\/gefico_logo.png","contentUrl":"https:\/\/gefico.com\/wp-content\/uploads\/2020\/07\/gefico_logo.png","width":2240,"height":797,"caption":"Gefico Enterprise S.L."},"image":{"@id":"https:\/\/gefico.com\/#\/schema\/logo\/image\/"},"sameAs":["https:\/\/www.instagram.com\/geficowatermakers","https:\/\/www.linkedin.com\/company\/gefico\/"]}]}},"jetpack_sharing_enabled":true,"_links":{"self":[{"href":"https:\/\/gefico.com\/index.php\/wp-json\/wp\/v2\/pages\/11988","targetHints":{"allow":["GET"]}}],"collection":[{"href":"https:\/\/gefico.com\/index.php\/wp-json\/wp\/v2\/pages"}],"about":[{"href":"https:\/\/gefico.com\/index.php\/wp-json\/wp\/v2\/types\/page"}],"author":[{"embeddable":true,"href":"https:\/\/gefico.com\/index.php\/wp-json\/wp\/v2\/users\/1"}],"replies":[{"embeddable":true,"href":"https:\/\/gefico.com\/index.php\/wp-json\/wp\/v2\/comments?post=11988"}],"version-history":[{"count":11,"href":"https:\/\/gefico.com\/index.php\/wp-json\/wp\/v2\/pages\/11988\/revisions"}],"predecessor-version":[{"id":12006,"href":"https:\/\/gefico.com\/index.php\/wp-json\/wp\/v2\/pages\/11988\/revisions\/12006"}],"wp:attachment":[{"href":"https:\/\/gefico.com\/index.php\/wp-json\/wp\/v2\/media?parent=11988"}],"curies":[{"name":"wp","href":"https:\/\/api.w.org\/{rel}","templated":true}]}}