{"id":2085,"date":"2020-06-16T08:45:21","date_gmt":"2020-06-16T08:45:21","guid":{"rendered":"http:\/\/cetussrv.cetusglobal.com\/gefico\/?page_id=1515"},"modified":"2020-07-13T12:45:55","modified_gmt":"2020-07-13T12:45:55","slug":"cookies-2","status":"publish","type":"page","link":"https:\/\/gefico.com\/index.php\/cookies-2\/","title":{"rendered":"Cookies"},"content":{"rendered":"<p>[et_pb_section fb_built=\u00bb1&#8243; admin_label=\u00bbSubscription Section\u00bb _builder_version=\u00bb4.4.4&#8243; use_background_color_gradient=\u00bbon\u00bb background_color_gradient_start=\u00bbrgba(0,0,0,0.7)\u00bb background_color_gradient_end=\u00bbrgba(0,0,0,0.26)\u00bb background_color_gradient_overlays_image=\u00bbon\u00bb background_image=\u00bbhttps:\/\/gefico.com\/wp-content\/uploads\/2020\/06\/8-2-scaled-1.jpg\u00bb custom_padding=\u00bb159px||106px|||\u00bb da_is_popup=\u00bboff\u00bb da_exit_intent=\u00bboff\u00bb da_has_close=\u00bbon\u00bb da_alt_close=\u00bboff\u00bb da_dark_close=\u00bboff\u00bb da_not_modal=\u00bbon\u00bb da_is_singular=\u00bboff\u00bb da_with_loader=\u00bboff\u00bb da_has_shadow=\u00bbon\u00bb da_disable_devices=\u00bboff|off|off\u00bb][et_pb_row _builder_version=\u00bb4.4.4&#8243; custom_margin=\u00bb10px|auto||auto||\u00bb locked=\u00bboff\u00bb][et_pb_column type=\u00bb4_4&#8243; _builder_version=\u00bb3.25&#8243; custom_padding=\u00bb|||\u00bb custom_padding__hover=\u00bb|||\u00bb][et_pb_text admin_label=\u00bbTitle\u00bb _builder_version=\u00bb4.4.4&#8243; text_font=\u00bb||||||||\u00bb header_font=\u00bb|300|||||||\u00bb header_font_size=\u00bb60px\u00bb header_line_height=\u00bb1.2em\u00bb header_2_font=\u00bbAbril Fatface||||||||\u00bb header_2_font_size=\u00bb60px\u00bb header_2_line_height=\u00bb1.3em\u00bb text_orientation=\u00bbcenter\u00bb background_layout=\u00bbdark\u00bb custom_margin=\u00bb-3px||10px|||\u00bb custom_padding=\u00bb0px|||||\u00bb animation_style=\u00bbfade\u00bb animation_direction=\u00bbleft\u00bb animation_starting_opacity=\u00bb100%\u00bb header_font_size_tablet=\u00bb50px\u00bb header_font_size_phone=\u00bb50px\u00bb header_font_size_last_edited=\u00bbon|desktop\u00bb header_2_font_size_tablet=\u00bb40px\u00bb header_2_font_size_phone=\u00bb\u00bb header_2_font_size_last_edited=\u00bbon|tablet\u00bb]<\/p>\n<h1>Pol\u00edtica Cookies<\/h1>\n<p>[\/et_pb_text][et_pb_text admin_label=\u00bbSubtitle\u00bb _builder_version=\u00bb3.27.4&#8243; text_font=\u00bbQuattrocento||||||||\u00bb text_font_size=\u00bb18px\u00bb text_line_height=\u00bb2.2em\u00bb header_font=\u00bb||||||||\u00bb header_2_font=\u00bb||||||||\u00bb text_orientation=\u00bbcenter\u00bb background_layout=\u00bbdark\u00bb max_width=\u00bb700px\u00bb module_alignment=\u00bbcenter\u00bb animation_style=\u00bbfade\u00bb animation_direction=\u00bbleft\u00bb animation_starting_opacity=\u00bb100%\u00bb][\/et_pb_text][\/et_pb_column][\/et_pb_row][\/et_pb_section][et_pb_section fb_built=\u00bb1&#8243; _builder_version=\u00bb4.4.4&#8243; da_is_popup=\u00bboff\u00bb da_exit_intent=\u00bboff\u00bb da_has_close=\u00bbon\u00bb da_alt_close=\u00bboff\u00bb da_dark_close=\u00bboff\u00bb da_not_modal=\u00bbon\u00bb da_is_singular=\u00bboff\u00bb da_with_loader=\u00bboff\u00bb da_has_shadow=\u00bbon\u00bb da_disable_devices=\u00bboff|off|off\u00bb][et_pb_row _builder_version=\u00bb4.4.4&#8243; custom_margin=\u00bb1px|auto||auto||\u00bb custom_margin_tablet=\u00bb20px||||false|false\u00bb custom_margin_phone=\u00bb20px|auto||auto|false|false\u00bb custom_margin_last_edited=\u00bbon|desktop\u00bb][et_pb_column type=\u00bb4_4&#8243; _builder_version=\u00bb4.4.4&#8243;][et_pb_text _builder_version=\u00bb4.4.4&#8243; text_font=\u00bb||||||||\u00bb text_font_size=\u00bb17px\u00bb text_line_height=\u00bb1.8em\u00bb header_2_font=\u00bb||||||||\u00bb header_2_text_color=\u00bb#0033a1&#8243; custom_margin=\u00bb3px|||||\u00bb]<\/p>\n<p>Esta p\u00e1gina web utiliza cookies que son peque\u00f1os archivos que guardan tus preferencias de navegaci\u00f3n, idioma preferido o el carrito de la compra, de manera que en sucesivas visitas tus preferencias se aplican de forma m\u00e1s sencilla e inmediata.<\/p>\n<p>Utilizamos cookies propias y de terceros, para realizar el an\u00e1lisis de la navegaci\u00f3n de los usuarios.<\/p>\n<p>Si contin\u00faas navegando, consideramos que aceptas su uso.<\/p>\n<p>Si quieres saber c\u00f3mo configurar las cookies en tu navegador, puedes obtener la informaci\u00f3n en los siguientes enlaces:<\/p>\n<p>&nbsp;<\/p>\n<p><span class=\"fa fa-caret-right\"><\/span><span>\u00a0<\/span><a class=\"text-underline\" href=\"https:\/\/support.google.com\/chrome\/answer\/95647?hl=es\" title=\"\" target=\"_blank\" rel=\"noopener noreferrer\">Chrome<\/a><\/p>\n<p><span class=\"fa fa-caret-right\"><\/span><span>\u00a0<\/span><a class=\"text-underline\" href=\"http:\/\/windows.microsoft.com\/es-es\/windows7\/how-to-manage-cookies-in-internet-explorer-9\" title=\"\" target=\"_blank\" rel=\"noopener noreferrer\">Explorer<\/a><\/p>\n<p><span class=\"fa fa-caret-right\"><\/span><span>\u00a0<\/span><a class=\"text-underline\" href=\"https:\/\/support.mozilla.org\/es\/kb\/habilitar-y-deshabilitar-cookies-que-los-sitios-we\" title=\"\" target=\"_blank\" rel=\"noopener noreferrer\">Firefox<\/a><\/p>\n<p><span class=\"fa fa-caret-right\"><\/span><span>\u00a0<\/span><a class=\"text-underline\" href=\"https:\/\/support.apple.com\/kb\/ph5042?locale=es_ES\" title=\"\" target=\"_blank\" rel=\"noopener noreferrer\">Safari<\/a><\/p>\n<p>&nbsp;<\/p>\n<p>&nbsp;<\/p>\n<p>Este sitio web utiliza cookies para mejorar la experiencia de uso del visitante y para realizar tareas de an\u00e1lisis. Al aceptar entendemos que das tu consentimiento a nuestra pol\u00edtica de cookies.<\/p>\n<p>&nbsp;<\/p>\n<h2>COOKIES Y PRIVACIDAD<\/h2>\n<p>Para la utilizaci\u00f3n de nuestro sitio web es necesario la utilizaci\u00f3n de cookies. Las cookies se utilizan con la finalidad de facilitar la navegaci\u00f3n a los usuarios. Ning\u00fan dato de car\u00e1cter personal del usuario se almacenar\u00e1. Si usted lo desea puede configurar su navegador para ser avisado en pantalla de la recepci\u00f3n de cookies y para impedir la instalaci\u00f3n de cookies en su disco duro. Por favor, consulte las instrucciones y manuales de su navegador para ampliar esta informaci\u00f3n.<\/p>\n<p>&nbsp;<\/p>\n<h2>CONDICIONES DEL SERVICIO GOOGLE ANALYTICS<\/h2>\n<p>Esta p\u00e1gina web utiliza Google Analytics, un servicio anal\u00edtico de web prestado por Google, Inc., una compa\u00f1\u00eda de Delaware cuya oficina principal est\u00e1 en 1600 Amphitheatre Parkway, Mountain View (California), CA 94043, Estados Unidos (\u2018Google\u2019). Google Analytics utiliza \u2018cookies\u2019, que son archivos de texto ubicados en su ordenador, para ayudar al sitio web a analizar el uso que hacen los usuarios del sitio web. La informaci\u00f3n que genera la cookie acerca de su uso del sitio web (incluyendo su direcci\u00f3n IP) ser\u00e1 directamente transmitida y archivada por Google en los servidores de Estados Unidos. Google usar\u00e1 esta informaci\u00f3n por cuenta nuestra con el prop\u00f3sito de seguir la pista de su uso del sitio web, recopilando informes de la actividad del sitio web y prestando otros servicios relacionados con la actividad del sitio web y el uso de Internet. Google podr\u00e1 transmitir dicha informaci\u00f3n a terceros cuando as\u00ed se lo requiera la legislaci\u00f3n, o cuando dichos terceros procesen la informaci\u00f3n por cuenta de Google. Google no asociar\u00e1 su direcci\u00f3n IP con ning\u00fan otro dato del que disponga Google. Puede Usted rechazar el tratamiento de los datos o la informaci\u00f3n rechazando el uso de cookies mediante la selecci\u00f3n de la configuraci\u00f3n apropiada de su navegador, sin embargo, debe Usted saber que si lo hace puede ser que no pueda usar la plena funcionabilidad de esta p\u00e1gina web. Al utilizar este sitio web Usted consiente el tratamiento de informaci\u00f3n acerca de Usted por Google en la forma y para los fines arriba indicados.<\/p>\n<p><a class=\"text-underline\" href=\"https:\/\/www.google.es\/intl\/es_ALL\/analytics\/learn\/privacy.html\" title=\"\" target=\"_blank\" rel=\"noopener noreferrer\">https:\/\/www.google.es\/intl\/es_ALL\/analytics\/learn\/privacy.html<\/a><\/p>\n<p>[\/et_pb_text][\/et_pb_column][\/et_pb_row][\/et_pb_section]<\/p>\n","protected":false},"excerpt":{"rendered":"<p>Pol\u00edtica CookiesEsta p\u00e1gina web utiliza cookies que son peque\u00f1os archivos que guardan tus preferencias de navegaci\u00f3n, idioma preferido o el carrito de la compra, de manera que en sucesivas visitas tus preferencias se aplican de forma m\u00e1s sencilla e inmediata. Utilizamos cookies propias y de terceros, para realizar el an\u00e1lisis de la navegaci\u00f3n de los [&hellip;]<\/p>\n","protected":false},"author":2,"featured_media":0,"parent":0,"menu_order":0,"comment_status":"closed","ping_status":"closed","template":"","meta":{"_et_pb_use_builder":"on","_et_pb_old_content":"","_et_gb_content_width":"","_monsterinsights_skip_tracking":false,"_monsterinsights_sitenote_active":false,"_monsterinsights_sitenote_note":"","_monsterinsights_sitenote_category":0,"_uf_show_specific_survey":0,"_uf_disable_surveys":false,"footnotes":""},"class_list":["post-2085","page","type-page","status-publish","hentry"],"yoast_head":"<!-- This site is optimized with the Yoast SEO plugin v23.8 - https:\/\/yoast.com\/wordpress\/plugins\/seo\/ -->\n<title>Cookies - Gefico Enterprise<\/title>\n<meta name=\"robots\" content=\"index, follow, max-snippet:-1, max-image-preview:large, max-video-preview:-1\" \/>\n<link rel=\"canonical\" href=\"https:\/\/gefico.com\/index.php\/cookies-2\/\" \/>\n<meta property=\"og:locale\" content=\"es_ES\" \/>\n<meta property=\"og:type\" content=\"article\" \/>\n<meta property=\"og:title\" content=\"Cookies - Gefico Enterprise\" \/>\n<meta property=\"og:description\" content=\"Pol\u00edtica CookiesEsta p\u00e1gina web utiliza cookies que son peque\u00f1os archivos que guardan tus preferencias de navegaci\u00f3n, idioma preferido o el carrito de la compra, de manera que en sucesivas visitas tus preferencias se aplican de forma m\u00e1s sencilla e inmediata. Utilizamos cookies propias y de terceros, para realizar el an\u00e1lisis de la navegaci\u00f3n de los [&hellip;]\" \/>\n<meta property=\"og:url\" content=\"https:\/\/gefico.com\/index.php\/cookies-2\/\" \/>\n<meta property=\"og:site_name\" content=\"Gefico Enterprise\" \/>\n<meta property=\"article:modified_time\" content=\"2020-07-13T12:45:55+00:00\" \/>\n<meta name=\"twitter:card\" content=\"summary_large_image\" \/>\n<meta name=\"twitter:label1\" content=\"Tiempo de lectura\" \/>\n\t<meta name=\"twitter:data1\" content=\"4 minutos\" \/>\n<script type=\"application\/ld+json\" class=\"yoast-schema-graph\">{\"@context\":\"https:\/\/schema.org\",\"@graph\":[{\"@type\":\"WebPage\",\"@id\":\"https:\/\/gefico.com\/index.php\/cookies-2\/\",\"url\":\"https:\/\/gefico.com\/index.php\/cookies-2\/\",\"name\":\"Cookies - Gefico Enterprise\",\"isPartOf\":{\"@id\":\"https:\/\/gefico.com\/#website\"},\"datePublished\":\"2020-06-16T08:45:21+00:00\",\"dateModified\":\"2020-07-13T12:45:55+00:00\",\"breadcrumb\":{\"@id\":\"https:\/\/gefico.com\/index.php\/cookies-2\/#breadcrumb\"},\"inLanguage\":\"es\",\"potentialAction\":[{\"@type\":\"ReadAction\",\"target\":[\"https:\/\/gefico.com\/index.php\/cookies-2\/\"]}]},{\"@type\":\"BreadcrumbList\",\"@id\":\"https:\/\/gefico.com\/index.php\/cookies-2\/#breadcrumb\",\"itemListElement\":[{\"@type\":\"ListItem\",\"position\":1,\"name\":\"Home\",\"item\":\"https:\/\/gefico.com\/\"},{\"@type\":\"ListItem\",\"position\":2,\"name\":\"Cookies\"}]},{\"@type\":\"WebSite\",\"@id\":\"https:\/\/gefico.com\/#website\",\"url\":\"https:\/\/gefico.com\/\",\"name\":\"Gefico Enterprise\",\"description\":\"Water Solutions\",\"publisher\":{\"@id\":\"https:\/\/gefico.com\/#organization\"},\"potentialAction\":[{\"@type\":\"SearchAction\",\"target\":{\"@type\":\"EntryPoint\",\"urlTemplate\":\"https:\/\/gefico.com\/?s={search_term_string}\"},\"query-input\":{\"@type\":\"PropertyValueSpecification\",\"valueRequired\":true,\"valueName\":\"search_term_string\"}}],\"inLanguage\":\"es\"},{\"@type\":\"Organization\",\"@id\":\"https:\/\/gefico.com\/#organization\",\"name\":\"Gefico Enterprise S.L.\",\"url\":\"https:\/\/gefico.com\/\",\"logo\":{\"@type\":\"ImageObject\",\"inLanguage\":\"es\",\"@id\":\"https:\/\/gefico.com\/#\/schema\/logo\/image\/\",\"url\":\"https:\/\/gefico.com\/wp-content\/uploads\/2020\/07\/gefico_logo.png\",\"contentUrl\":\"https:\/\/gefico.com\/wp-content\/uploads\/2020\/07\/gefico_logo.png\",\"width\":2240,\"height\":797,\"caption\":\"Gefico Enterprise S.L.\"},\"image\":{\"@id\":\"https:\/\/gefico.com\/#\/schema\/logo\/image\/\"},\"sameAs\":[\"https:\/\/www.instagram.com\/geficowatermakers\",\"https:\/\/www.linkedin.com\/company\/gefico\/\"]}]}<\/script>\n<!-- \/ Yoast SEO plugin. -->","yoast_head_json":{"title":"Cookies - Gefico Enterprise","robots":{"index":"index","follow":"follow","max-snippet":"max-snippet:-1","max-image-preview":"max-image-preview:large","max-video-preview":"max-video-preview:-1"},"canonical":"https:\/\/gefico.com\/index.php\/cookies-2\/","og_locale":"es_ES","og_type":"article","og_title":"Cookies - Gefico Enterprise","og_description":"Pol\u00edtica CookiesEsta p\u00e1gina web utiliza cookies que son peque\u00f1os archivos que guardan tus preferencias de navegaci\u00f3n, idioma preferido o el carrito de la compra, de manera que en sucesivas visitas tus preferencias se aplican de forma m\u00e1s sencilla e inmediata. Utilizamos cookies propias y de terceros, para realizar el an\u00e1lisis de la navegaci\u00f3n de los [&hellip;]","og_url":"https:\/\/gefico.com\/index.php\/cookies-2\/","og_site_name":"Gefico Enterprise","article_modified_time":"2020-07-13T12:45:55+00:00","twitter_card":"summary_large_image","twitter_misc":{"Tiempo de lectura":"4 minutos"},"schema":{"@context":"https:\/\/schema.org","@graph":[{"@type":"WebPage","@id":"https:\/\/gefico.com\/index.php\/cookies-2\/","url":"https:\/\/gefico.com\/index.php\/cookies-2\/","name":"Cookies - Gefico Enterprise","isPartOf":{"@id":"https:\/\/gefico.com\/#website"},"datePublished":"2020-06-16T08:45:21+00:00","dateModified":"2020-07-13T12:45:55+00:00","breadcrumb":{"@id":"https:\/\/gefico.com\/index.php\/cookies-2\/#breadcrumb"},"inLanguage":"es","potentialAction":[{"@type":"ReadAction","target":["https:\/\/gefico.com\/index.php\/cookies-2\/"]}]},{"@type":"BreadcrumbList","@id":"https:\/\/gefico.com\/index.php\/cookies-2\/#breadcrumb","itemListElement":[{"@type":"ListItem","position":1,"name":"Home","item":"https:\/\/gefico.com\/"},{"@type":"ListItem","position":2,"name":"Cookies"}]},{"@type":"WebSite","@id":"https:\/\/gefico.com\/#website","url":"https:\/\/gefico.com\/","name":"Gefico Enterprise","description":"Water Solutions","publisher":{"@id":"https:\/\/gefico.com\/#organization"},"potentialAction":[{"@type":"SearchAction","target":{"@type":"EntryPoint","urlTemplate":"https:\/\/gefico.com\/?s={search_term_string}"},"query-input":{"@type":"PropertyValueSpecification","valueRequired":true,"valueName":"search_term_string"}}],"inLanguage":"es"},{"@type":"Organization","@id":"https:\/\/gefico.com\/#organization","name":"Gefico Enterprise S.L.","url":"https:\/\/gefico.com\/","logo":{"@type":"ImageObject","inLanguage":"es","@id":"https:\/\/gefico.com\/#\/schema\/logo\/image\/","url":"https:\/\/gefico.com\/wp-content\/uploads\/2020\/07\/gefico_logo.png","contentUrl":"https:\/\/gefico.com\/wp-content\/uploads\/2020\/07\/gefico_logo.png","width":2240,"height":797,"caption":"Gefico Enterprise S.L."},"image":{"@id":"https:\/\/gefico.com\/#\/schema\/logo\/image\/"},"sameAs":["https:\/\/www.instagram.com\/geficowatermakers","https:\/\/www.linkedin.com\/company\/gefico\/"]}]}},"jetpack_sharing_enabled":true,"_links":{"self":[{"href":"https:\/\/gefico.com\/index.php\/wp-json\/wp\/v2\/pages\/2085","targetHints":{"allow":["GET"]}}],"collection":[{"href":"https:\/\/gefico.com\/index.php\/wp-json\/wp\/v2\/pages"}],"about":[{"href":"https:\/\/gefico.com\/index.php\/wp-json\/wp\/v2\/types\/page"}],"author":[{"embeddable":true,"href":"https:\/\/gefico.com\/index.php\/wp-json\/wp\/v2\/users\/2"}],"replies":[{"embeddable":true,"href":"https:\/\/gefico.com\/index.php\/wp-json\/wp\/v2\/comments?post=2085"}],"version-history":[{"count":1,"href":"https:\/\/gefico.com\/index.php\/wp-json\/wp\/v2\/pages\/2085\/revisions"}],"predecessor-version":[{"id":9476,"href":"https:\/\/gefico.com\/index.php\/wp-json\/wp\/v2\/pages\/2085\/revisions\/9476"}],"wp:attachment":[{"href":"https:\/\/gefico.com\/index.php\/wp-json\/wp\/v2\/media?parent=2085"}],"curies":[{"name":"wp","href":"https:\/\/api.w.org\/{rel}","templated":true}]}}