{"id":2088,"date":"2020-06-16T08:48:37","date_gmt":"2020-06-16T08:48:37","guid":{"rendered":"http:\/\/cetussrv.cetusglobal.com\/gefico\/?page_id=1521"},"modified":"2020-07-13T13:00:52","modified_gmt":"2020-07-13T13:00:52","slug":"aviso-legal-2","status":"publish","type":"page","link":"https:\/\/gefico.com\/index.php\/aviso-legal-2\/","title":{"rendered":"Aviso Legal"},"content":{"rendered":"<p>[et_pb_section fb_built=\u00bb1&#8243; admin_label=\u00bbSubscription Section\u00bb _builder_version=\u00bb4.4.4&#8243; use_background_color_gradient=\u00bbon\u00bb background_color_gradient_start=\u00bbrgba(0,0,0,0.7)\u00bb background_color_gradient_end=\u00bbrgba(0,0,0,0.4)\u00bb background_color_gradient_overlays_image=\u00bbon\u00bb background_image=\u00bbhttps:\/\/gefico.com\/wp-content\/uploads\/2020\/06\/DSC01385-scaled-1.jpg\u00bb custom_padding=\u00bb159px||106px|||\u00bb da_is_popup=\u00bboff\u00bb da_exit_intent=\u00bboff\u00bb da_has_close=\u00bbon\u00bb da_alt_close=\u00bboff\u00bb da_dark_close=\u00bboff\u00bb da_not_modal=\u00bbon\u00bb da_is_singular=\u00bboff\u00bb da_with_loader=\u00bboff\u00bb da_has_shadow=\u00bbon\u00bb da_disable_devices=\u00bboff|off|off\u00bb][et_pb_row _builder_version=\u00bb4.4.4&#8243; custom_margin=\u00bb10px|auto||auto||\u00bb locked=\u00bboff\u00bb][et_pb_column type=\u00bb4_4&#8243; _builder_version=\u00bb3.25&#8243; custom_padding=\u00bb|||\u00bb custom_padding__hover=\u00bb|||\u00bb][et_pb_text admin_label=\u00bbTitle\u00bb _builder_version=\u00bb4.4.4&#8243; text_font=\u00bb||||||||\u00bb header_font=\u00bb|300|||||||\u00bb header_font_size=\u00bb60px\u00bb header_line_height=\u00bb1.2em\u00bb header_2_font=\u00bbAbril Fatface||||||||\u00bb header_2_font_size=\u00bb60px\u00bb header_2_line_height=\u00bb1.3em\u00bb text_orientation=\u00bbcenter\u00bb background_layout=\u00bbdark\u00bb custom_margin=\u00bb-3px||10px|||\u00bb custom_padding=\u00bb0px|||||\u00bb animation_style=\u00bbfade\u00bb animation_direction=\u00bbleft\u00bb animation_starting_opacity=\u00bb100%\u00bb header_font_size_tablet=\u00bb50px\u00bb header_font_size_phone=\u00bb50px\u00bb header_font_size_last_edited=\u00bbon|desktop\u00bb header_2_font_size_tablet=\u00bb40px\u00bb header_2_font_size_phone=\u00bb\u00bb header_2_font_size_last_edited=\u00bbon|tablet\u00bb]<\/p>\n<h1>Aviso Legal &amp; Condiciones De Uso<\/h1>\n<p>[\/et_pb_text][et_pb_text admin_label=\u00bbSubtitle\u00bb _builder_version=\u00bb3.27.4&#8243; text_font=\u00bbQuattrocento||||||||\u00bb text_font_size=\u00bb18px\u00bb text_line_height=\u00bb2.2em\u00bb header_font=\u00bb||||||||\u00bb header_2_font=\u00bb||||||||\u00bb text_orientation=\u00bbcenter\u00bb background_layout=\u00bbdark\u00bb max_width=\u00bb700px\u00bb module_alignment=\u00bbcenter\u00bb animation_style=\u00bbfade\u00bb animation_direction=\u00bbleft\u00bb animation_starting_opacity=\u00bb100%\u00bb][\/et_pb_text][\/et_pb_column][\/et_pb_row][\/et_pb_section][et_pb_section fb_built=\u00bb1&#8243; _builder_version=\u00bb4.4.4&#8243; da_is_popup=\u00bboff\u00bb da_exit_intent=\u00bboff\u00bb da_has_close=\u00bbon\u00bb da_alt_close=\u00bboff\u00bb da_dark_close=\u00bboff\u00bb da_not_modal=\u00bbon\u00bb da_is_singular=\u00bboff\u00bb da_with_loader=\u00bboff\u00bb da_has_shadow=\u00bbon\u00bb da_disable_devices=\u00bboff|off|off\u00bb][et_pb_row _builder_version=\u00bb4.4.4&#8243; custom_margin=\u00bb1px|auto||auto||\u00bb custom_margin_tablet=\u00bb20px||||false|false\u00bb custom_margin_phone=\u00bb20px|auto||auto|false|false\u00bb custom_margin_last_edited=\u00bbon|desktop\u00bb][et_pb_column type=\u00bb4_4&#8243; _builder_version=\u00bb4.4.4&#8243;][et_pb_text _builder_version=\u00bb4.4.4&#8243; text_font=\u00bb||||||||\u00bb text_font_size=\u00bb17px\u00bb text_line_height=\u00bb1.8em\u00bb header_2_font=\u00bb||||||||\u00bb header_2_text_color=\u00bb#0033a1&#8243; custom_margin=\u00bb3px|||||\u00bb]<\/p>\n<p>1. INFORMACI\u00d3N GENERAL<br \/>El presente aviso legal recoge las condiciones generales que regulan el acceso y utilizaci\u00f3n del sitio web www.gefico.com, (en adelante, \u201cel sitio web\u201d o \u201cp\u00e1gina web\u201d), que GEFICO ENTERPRISE,S.L. pone gratuitamente a disposici\u00f3n de los usuarios de internet.<\/p>\n<p>Para dar cumplimiento a lo establecido en la Ley 34\/2002, de 11 de julio, de servicios de GEFICO de la informaci\u00f3n y de comercio electr\u00f3nico, a continuaci\u00f3n, se indican los datos de titularidad del sitio web e informaci\u00f3n general.<\/p>\n<p>&nbsp;<\/p>\n<p>Denominaci\u00f3n social: GEFICO ENTERPRISE,S.L. (en adelante, \u201cGEFICO\u201d)<br \/>Domicilio social: C\/ Pol\u00edgono do Acevedo, Parcela A &#8211; 15185 Cerceda (A Coru\u00f1a)<br \/>CIF: B15793581<br \/>Inscrito en el Registro Mercantil de A Coru\u00f1a, tomo 2.482, folio 186, hoja C-26986<br \/>Email: privacidad@cetusglobal.com<br \/>Tel\u00e9fono: (+34) 981 250 111<\/p>\n<p>2. CONDICIONES GENERALES DEL SITIO WEB<br \/>El acceso y\/o uso del sitio web atribuye a quien lo realiza la condici\u00f3n de Usuario, aceptando, desde ese mismo momento, plenamente y sin reservas alguna, las presentes Condiciones Generales, as\u00ed como las Condiciones Particulares que, en su caso, complementen, modifiquen o sustituyan las Condiciones Generales en relaci\u00f3n con determinados servicios y contenidos del Sitio web.<\/p>\n<p>El titular de este sitio web podr\u00e1 modificar unilateralmente y sin previo aviso, siempre que lo considere oportuno, la estructura y dise\u00f1o del sitio web, as\u00ed como modificar o eliminar, los servicios, los contenidos y las condiciones de acceso y\/o uso del mismo.<\/p>\n<p>A trav\u00e9s del sitio web www.gefico.com, GEFICO ofrece a los Usuarios la posibilidad de conocer la empresa, sus productos y servicios. El presente aviso legal regula el acceso, navegaci\u00f3n y uso de la presente p\u00e1gina web.<\/p>\n<p>&nbsp;<\/p>\n<p>3. PROPIEDAD INDUSTRIAL E INTELECTUAL<br \/>Todos los contenidos incluidos en el Sitio web y, en particular, las marcas, nombres comerciales, dise\u00f1os industriales, dise\u00f1os, textos, fotograf\u00edas, gr\u00e1ficos, logotipos, iconos, software y cualesquiera otros signos o elementos susceptibles de utilizaci\u00f3n industrial y\/o comercial est\u00e1n protegidos por los derechos de propiedad industrial e intelectual de los titulares del Sitio web o de terceros titulares de los mismos que han autorizado su inclusi\u00f3n en el sitio web. Queda, por lo tanto, expresamente prohibida cualquier utilizaci\u00f3n y\/o reproducci\u00f3n de tales marcas, nombres comerciales, dise\u00f1os industriales, dise\u00f1os, textos, fotograf\u00edas, gr\u00e1ficos, logotipos, iconos, software y dem\u00e1s signos o elementos susceptibles de utilizaci\u00f3n industrial y\/o comercial, sin el consentimiento expreso y por escrito de los titulares del sitio web.<\/p>\n<p>El titular del sitio web no ser\u00e1 responsable de la infracci\u00f3n de los derechos de propiedad intelectual o industrial correspondientes a terceros que pudiera derivarse de la inclusi\u00f3n en el sitio web de marcas, nombres comerciales, dise\u00f1os industriales, dise\u00f1os, textos, fotograf\u00edas, gr\u00e1ficos, logotipos, iconos, software y cualesquiera otros signos o elementos susceptibles de utilizaci\u00f3n industrial y\/o comercial pertenecientes a terceros que hayan declarado ser titulares de los mismos y autorizado su inclusi\u00f3n en el sitio web.<\/p>\n<p>En ning\u00fan caso se entender\u00e1 que el acceso al sitio web y la navegaci\u00f3n a trav\u00e9s del mismo del Usuario comportan renuncia, transmisi\u00f3n, o cesi\u00f3n total o parcial de los antes citados derechos por parte del titular del Sitio web o de los titulares correspondientes, ni la concesi\u00f3n de derecho, expectativa de derecho, o autorizaci\u00f3n alguna para alterar, transformar, explotar, reproducir, distribuir o comunicar p\u00fablicamente los contenidos incluidos en el sitio web, cuya alteraci\u00f3n, transformaci\u00f3n, explotaci\u00f3n, reproducci\u00f3n, distribuci\u00f3n o comunicaci\u00f3n p\u00fablica requerir\u00e1, en todo caso, de la previa y expresa autorizaci\u00f3n por escrito del titular del sitio web o de los titulares correspondientes.<\/p>\n<p>El titular del sitio web no ser\u00e1 responsable del contenido de las p\u00e1ginas web de destino que se establezcan mediante v\u00ednculos en el sitio web, ni tampoco de las infracciones de derechos de terceros en las que dichas p\u00e1ginas pudieran incurrir.<\/p>\n<p>El titular del sitio web no se hace responsable, en ning\u00fan caso, de los da\u00f1os y perjuicios de cualquier naturaleza que pudieran ocasionar, a t\u00edtulo enunciativo: errores u omisiones en los contenidos, falta de disponibilidad del sitio web, la correcta visualizaci\u00f3n, o la transmisi\u00f3n de virus o programas maliciosos o lesivos en los contenidos, a pesar de haber adoptado todas las medidas tecnol\u00f3gicas necesarias para evitarlo.<\/p>\n<p>&nbsp;<\/p>\n<p>4. REGLAS DE USO DE LA P\u00c1GINA WEB<br \/>El usuario se obliga a hacer un uso correcto de la p\u00e1gina web de conformidad con la Ley y con las presentes condiciones. El usuario responder\u00e1 frente al titular de este sitio web y frente a terceros por cualquier da\u00f1o y perjuicio que pudiera causar el incumplimiento de esta obligaci\u00f3n.<\/p>\n<p>El acceso a esta p\u00e1gina web tiene car\u00e1cter gratuito. Sus contenidos tienen un valor meramente informativo y su \u00fanica finalidad es mostrar a los clientes y usuarios de la web informaci\u00f3n corporativa de GEFICO y de sus productos y servicios.<\/p>\n<p>&nbsp;<\/p>\n<p>5. EXCLUSI\u00d3N DE RESPONSABILIDAD<br \/>Por la calidad de la informaci\u00f3n: el acceso al Sitio web no implica obligaci\u00f3n por parte de GEFICO de comprobar la veracidad, exactitud y actualidad de la informaci\u00f3n suministrada.<br \/>Por la calidad del servicio: el acceso al Sitio web no implica obligaci\u00f3n por parte de GEFICO de controlar la ausencia de virus y\/o cualquier componente da\u00f1ino en el sitio web o servidor que lo suministra. En todo caso, corresponde al usuario la disponibilidad de herramientas t\u00e9cnicas de seguridad adecuadas para la detecci\u00f3n y desinfecci\u00f3n de programas inform\u00e1ticos da\u00f1inos.<br \/>Por la disponibilidad del servicio: GEFICO no garantiza ni se hace responsable de la continuidad de los contenidos del sitio web. Por consiguiente, los servicios suministrados a trav\u00e9s de este Sitio web pueden ser suspendidos o cancelados en cualquier momento por el titular del mismo, no haci\u00e9ndose responsable de los da\u00f1os causados a terceros.<\/p>\n<p>6. LEGISLACI\u00d3N APLICABLE<br \/>Las relaciones establecidas entre el Usuario y el titular del sitio web, se regir\u00e1n conforme a lo dispuesto en la legislaci\u00f3n espa\u00f1ola aplicable vigente y se someter\u00e1n a la jurisdicci\u00f3n de los Juzgados y Tribunales de A Coru\u00f1a.<\/p>\n<p>&nbsp;<\/p>\n<p>En Cerceda, a 25 de mayo de 2018.<\/p>\n<p>[\/et_pb_text][\/et_pb_column][\/et_pb_row][\/et_pb_section]<\/p>\n","protected":false},"excerpt":{"rendered":"<p>Aviso Legal &amp; Condiciones De Uso1. INFORMACI\u00d3N GENERALEl presente aviso legal recoge las condiciones generales que regulan el acceso y utilizaci\u00f3n del sitio web www.gefico.com, (en adelante, \u201cel sitio web\u201d o \u201cp\u00e1gina web\u201d), que GEFICO ENTERPRISE,S.L. pone gratuitamente a disposici\u00f3n de los usuarios de internet. Para dar cumplimiento a lo establecido en la Ley 34\/2002, [&hellip;]<\/p>\n","protected":false},"author":2,"featured_media":0,"parent":0,"menu_order":0,"comment_status":"closed","ping_status":"closed","template":"","meta":{"_et_pb_use_builder":"on","_et_pb_old_content":"","_et_gb_content_width":"","_monsterinsights_skip_tracking":false,"_monsterinsights_sitenote_active":false,"_monsterinsights_sitenote_note":"","_monsterinsights_sitenote_category":0,"_uf_show_specific_survey":0,"_uf_disable_surveys":false,"footnotes":""},"class_list":["post-2088","page","type-page","status-publish","hentry"],"yoast_head":"<!-- This site is optimized with the Yoast SEO plugin v23.8 - https:\/\/yoast.com\/wordpress\/plugins\/seo\/ -->\n<title>Aviso Legal - Gefico Enterprise<\/title>\n<meta name=\"robots\" content=\"index, follow, max-snippet:-1, max-image-preview:large, max-video-preview:-1\" \/>\n<link rel=\"canonical\" href=\"https:\/\/gefico.com\/index.php\/aviso-legal-2\/\" \/>\n<meta property=\"og:locale\" content=\"es_ES\" \/>\n<meta property=\"og:type\" content=\"article\" \/>\n<meta property=\"og:title\" content=\"Aviso Legal - Gefico Enterprise\" \/>\n<meta property=\"og:description\" content=\"Aviso Legal &amp; Condiciones De Uso1. INFORMACI\u00d3N GENERALEl presente aviso legal recoge las condiciones generales que regulan el acceso y utilizaci\u00f3n del sitio web www.gefico.com, (en adelante, \u201cel sitio web\u201d o \u201cp\u00e1gina web\u201d), que GEFICO ENTERPRISE,S.L. pone gratuitamente a disposici\u00f3n de los usuarios de internet. Para dar cumplimiento a lo establecido en la Ley 34\/2002, [&hellip;]\" \/>\n<meta property=\"og:url\" content=\"https:\/\/gefico.com\/index.php\/aviso-legal-2\/\" \/>\n<meta property=\"og:site_name\" content=\"Gefico Enterprise\" \/>\n<meta property=\"article:modified_time\" content=\"2020-07-13T13:00:52+00:00\" \/>\n<meta name=\"twitter:card\" content=\"summary_large_image\" \/>\n<meta name=\"twitter:label1\" content=\"Tiempo de lectura\" \/>\n\t<meta name=\"twitter:data1\" content=\"7 minutos\" \/>\n<script type=\"application\/ld+json\" class=\"yoast-schema-graph\">{\"@context\":\"https:\/\/schema.org\",\"@graph\":[{\"@type\":\"WebPage\",\"@id\":\"https:\/\/gefico.com\/index.php\/aviso-legal-2\/\",\"url\":\"https:\/\/gefico.com\/index.php\/aviso-legal-2\/\",\"name\":\"Aviso Legal - Gefico Enterprise\",\"isPartOf\":{\"@id\":\"https:\/\/gefico.com\/#website\"},\"datePublished\":\"2020-06-16T08:48:37+00:00\",\"dateModified\":\"2020-07-13T13:00:52+00:00\",\"breadcrumb\":{\"@id\":\"https:\/\/gefico.com\/index.php\/aviso-legal-2\/#breadcrumb\"},\"inLanguage\":\"es\",\"potentialAction\":[{\"@type\":\"ReadAction\",\"target\":[\"https:\/\/gefico.com\/index.php\/aviso-legal-2\/\"]}]},{\"@type\":\"BreadcrumbList\",\"@id\":\"https:\/\/gefico.com\/index.php\/aviso-legal-2\/#breadcrumb\",\"itemListElement\":[{\"@type\":\"ListItem\",\"position\":1,\"name\":\"Home\",\"item\":\"https:\/\/gefico.com\/\"},{\"@type\":\"ListItem\",\"position\":2,\"name\":\"Aviso Legal\"}]},{\"@type\":\"WebSite\",\"@id\":\"https:\/\/gefico.com\/#website\",\"url\":\"https:\/\/gefico.com\/\",\"name\":\"Gefico Enterprise\",\"description\":\"Water Solutions\",\"publisher\":{\"@id\":\"https:\/\/gefico.com\/#organization\"},\"potentialAction\":[{\"@type\":\"SearchAction\",\"target\":{\"@type\":\"EntryPoint\",\"urlTemplate\":\"https:\/\/gefico.com\/?s={search_term_string}\"},\"query-input\":{\"@type\":\"PropertyValueSpecification\",\"valueRequired\":true,\"valueName\":\"search_term_string\"}}],\"inLanguage\":\"es\"},{\"@type\":\"Organization\",\"@id\":\"https:\/\/gefico.com\/#organization\",\"name\":\"Gefico Enterprise S.L.\",\"url\":\"https:\/\/gefico.com\/\",\"logo\":{\"@type\":\"ImageObject\",\"inLanguage\":\"es\",\"@id\":\"https:\/\/gefico.com\/#\/schema\/logo\/image\/\",\"url\":\"https:\/\/gefico.com\/wp-content\/uploads\/2020\/07\/gefico_logo.png\",\"contentUrl\":\"https:\/\/gefico.com\/wp-content\/uploads\/2020\/07\/gefico_logo.png\",\"width\":2240,\"height\":797,\"caption\":\"Gefico Enterprise S.L.\"},\"image\":{\"@id\":\"https:\/\/gefico.com\/#\/schema\/logo\/image\/\"},\"sameAs\":[\"https:\/\/www.instagram.com\/geficowatermakers\",\"https:\/\/www.linkedin.com\/company\/gefico\/\"]}]}<\/script>\n<!-- \/ Yoast SEO plugin. -->","yoast_head_json":{"title":"Aviso Legal - Gefico Enterprise","robots":{"index":"index","follow":"follow","max-snippet":"max-snippet:-1","max-image-preview":"max-image-preview:large","max-video-preview":"max-video-preview:-1"},"canonical":"https:\/\/gefico.com\/index.php\/aviso-legal-2\/","og_locale":"es_ES","og_type":"article","og_title":"Aviso Legal - Gefico Enterprise","og_description":"Aviso Legal &amp; Condiciones De Uso1. INFORMACI\u00d3N GENERALEl presente aviso legal recoge las condiciones generales que regulan el acceso y utilizaci\u00f3n del sitio web www.gefico.com, (en adelante, \u201cel sitio web\u201d o \u201cp\u00e1gina web\u201d), que GEFICO ENTERPRISE,S.L. pone gratuitamente a disposici\u00f3n de los usuarios de internet. Para dar cumplimiento a lo establecido en la Ley 34\/2002, [&hellip;]","og_url":"https:\/\/gefico.com\/index.php\/aviso-legal-2\/","og_site_name":"Gefico Enterprise","article_modified_time":"2020-07-13T13:00:52+00:00","twitter_card":"summary_large_image","twitter_misc":{"Tiempo de lectura":"7 minutos"},"schema":{"@context":"https:\/\/schema.org","@graph":[{"@type":"WebPage","@id":"https:\/\/gefico.com\/index.php\/aviso-legal-2\/","url":"https:\/\/gefico.com\/index.php\/aviso-legal-2\/","name":"Aviso Legal - Gefico Enterprise","isPartOf":{"@id":"https:\/\/gefico.com\/#website"},"datePublished":"2020-06-16T08:48:37+00:00","dateModified":"2020-07-13T13:00:52+00:00","breadcrumb":{"@id":"https:\/\/gefico.com\/index.php\/aviso-legal-2\/#breadcrumb"},"inLanguage":"es","potentialAction":[{"@type":"ReadAction","target":["https:\/\/gefico.com\/index.php\/aviso-legal-2\/"]}]},{"@type":"BreadcrumbList","@id":"https:\/\/gefico.com\/index.php\/aviso-legal-2\/#breadcrumb","itemListElement":[{"@type":"ListItem","position":1,"name":"Home","item":"https:\/\/gefico.com\/"},{"@type":"ListItem","position":2,"name":"Aviso Legal"}]},{"@type":"WebSite","@id":"https:\/\/gefico.com\/#website","url":"https:\/\/gefico.com\/","name":"Gefico Enterprise","description":"Water Solutions","publisher":{"@id":"https:\/\/gefico.com\/#organization"},"potentialAction":[{"@type":"SearchAction","target":{"@type":"EntryPoint","urlTemplate":"https:\/\/gefico.com\/?s={search_term_string}"},"query-input":{"@type":"PropertyValueSpecification","valueRequired":true,"valueName":"search_term_string"}}],"inLanguage":"es"},{"@type":"Organization","@id":"https:\/\/gefico.com\/#organization","name":"Gefico Enterprise S.L.","url":"https:\/\/gefico.com\/","logo":{"@type":"ImageObject","inLanguage":"es","@id":"https:\/\/gefico.com\/#\/schema\/logo\/image\/","url":"https:\/\/gefico.com\/wp-content\/uploads\/2020\/07\/gefico_logo.png","contentUrl":"https:\/\/gefico.com\/wp-content\/uploads\/2020\/07\/gefico_logo.png","width":2240,"height":797,"caption":"Gefico Enterprise S.L."},"image":{"@id":"https:\/\/gefico.com\/#\/schema\/logo\/image\/"},"sameAs":["https:\/\/www.instagram.com\/geficowatermakers","https:\/\/www.linkedin.com\/company\/gefico\/"]}]}},"jetpack_sharing_enabled":true,"_links":{"self":[{"href":"https:\/\/gefico.com\/index.php\/wp-json\/wp\/v2\/pages\/2088","targetHints":{"allow":["GET"]}}],"collection":[{"href":"https:\/\/gefico.com\/index.php\/wp-json\/wp\/v2\/pages"}],"about":[{"href":"https:\/\/gefico.com\/index.php\/wp-json\/wp\/v2\/types\/page"}],"author":[{"embeddable":true,"href":"https:\/\/gefico.com\/index.php\/wp-json\/wp\/v2\/users\/2"}],"replies":[{"embeddable":true,"href":"https:\/\/gefico.com\/index.php\/wp-json\/wp\/v2\/comments?post=2088"}],"version-history":[{"count":3,"href":"https:\/\/gefico.com\/index.php\/wp-json\/wp\/v2\/pages\/2088\/revisions"}],"predecessor-version":[{"id":9507,"href":"https:\/\/gefico.com\/index.php\/wp-json\/wp\/v2\/pages\/2088\/revisions\/9507"}],"wp:attachment":[{"href":"https:\/\/gefico.com\/index.php\/wp-json\/wp\/v2\/media?parent=2088"}],"curies":[{"name":"wp","href":"https:\/\/api.w.org\/{rel}","templated":true}]}}