{"id":518,"date":"2020-06-04T13:01:53","date_gmt":"2020-06-04T13:01:53","guid":{"rendered":"http:\/\/cetussrv.cetusglobal.com\/gefico\/?page_id=518"},"modified":"2020-07-06T11:20:14","modified_gmt":"2020-07-06T11:20:14","slug":"noticias","status":"publish","type":"page","link":"https:\/\/gefico.com\/index.php\/noticias\/","title":{"rendered":"Noticias"},"content":{"rendered":"<p>[et_pb_section fb_built=\u00bb1&#8243; admin_label=\u00bbSubscription Section\u00bb _builder_version=\u00bb4.4.7&#8243; use_background_color_gradient=\u00bbon\u00bb background_color_gradient_start=\u00bbrgba(0,0,0,0.57)\u00bb background_color_gradient_end=\u00bbrgba(0,0,0,0.38)\u00bb background_color_gradient_overlays_image=\u00bbon\u00bb background_image=\u00bbhttps:\/\/gefico.com\/wp-content\/uploads\/2020\/06\/Gefico-Web-Fondos-13-1-scaled-1.jpg\u00bb background_position=\u00bbtop_center\u00bb custom_padding=\u00bb159px||106px|||\u00bb filter_saturate=\u00bb152%\u00bb filter_brightness=\u00bb108%\u00bb da_disable_devices=\u00bboff|off|off\u00bb da_is_popup=\u00bboff\u00bb da_exit_intent=\u00bboff\u00bb da_has_close=\u00bbon\u00bb da_alt_close=\u00bboff\u00bb da_dark_close=\u00bboff\u00bb da_not_modal=\u00bbon\u00bb da_is_singular=\u00bboff\u00bb da_with_loader=\u00bboff\u00bb da_has_shadow=\u00bbon\u00bb][et_pb_row _builder_version=\u00bb3.25&#8243; custom_margin=\u00bb10px|auto||auto||\u00bb locked=\u00bboff\u00bb][et_pb_column type=\u00bb4_4&#8243; _builder_version=\u00bb3.25&#8243; custom_padding=\u00bb|||\u00bb custom_padding__hover=\u00bb|||\u00bb][et_pb_text admin_label=\u00bbTitle\u00bb _builder_version=\u00bb4.4.4&#8243; text_font=\u00bb||||||||\u00bb header_font=\u00bb|300|||||||\u00bb header_font_size=\u00bb70px\u00bb header_line_height=\u00bb1.2em\u00bb header_2_font=\u00bbAbril Fatface||||||||\u00bb header_2_font_size=\u00bb60px\u00bb header_2_line_height=\u00bb1.3em\u00bb text_orientation=\u00bbcenter\u00bb background_layout=\u00bbdark\u00bb custom_margin=\u00bb-3px||10px|||\u00bb custom_padding=\u00bb0px|||||\u00bb animation_style=\u00bbfade\u00bb animation_direction=\u00bbleft\u00bb animation_starting_opacity=\u00bb100%\u00bb header_2_font_size_tablet=\u00bb40px\u00bb header_2_font_size_phone=\u00bb\u00bb header_2_font_size_last_edited=\u00bbon|tablet\u00bb]<\/p>\n<h1>Noticias<\/h1>\n<p>[\/et_pb_text][et_pb_text admin_label=\u00bbSubtitle\u00bb _builder_version=\u00bb3.27.4&#8243; text_font=\u00bbQuattrocento||||||||\u00bb text_font_size=\u00bb18px\u00bb text_line_height=\u00bb2.2em\u00bb header_font=\u00bb||||||||\u00bb header_2_font=\u00bb||||||||\u00bb text_orientation=\u00bbcenter\u00bb background_layout=\u00bbdark\u00bb max_width=\u00bb700px\u00bb module_alignment=\u00bbcenter\u00bb animation_style=\u00bbfade\u00bb animation_direction=\u00bbleft\u00bb animation_starting_opacity=\u00bb100%\u00bb][\/et_pb_text][\/et_pb_column][\/et_pb_row][\/et_pb_section][et_pb_section fb_built=\u00bb1&#8243; _builder_version=\u00bb4.4.4&#8243; da_disable_devices=\u00bboff|off|off\u00bb da_is_popup=\u00bboff\u00bb da_exit_intent=\u00bboff\u00bb da_has_close=\u00bbon\u00bb da_alt_close=\u00bboff\u00bb da_dark_close=\u00bboff\u00bb da_not_modal=\u00bbon\u00bb da_is_singular=\u00bboff\u00bb da_with_loader=\u00bboff\u00bb da_has_shadow=\u00bbon\u00bb][et_pb_row _builder_version=\u00bb4.4.4&#8243;][et_pb_column type=\u00bb4_4&#8243; _builder_version=\u00bb4.4.4&#8243;][et_pb_blog fullwidth=\u00bboff\u00bb posts_number=\u00bb9&#8243; include_categories=\u00bb22&#8243; excerpt_length=\u00bb230&#8243; show_more=\u00bbon\u00bb show_author=\u00bboff\u00bb show_categories=\u00bboff\u00bb use_overlay=\u00bbon\u00bb overlay_icon_color=\u00bb#0033a1&#8243; hover_overlay_color=\u00bbrgba(255,255,255,0.52)\u00bb hover_icon=\u00bb%%52%%\u00bb _builder_version=\u00bb4.4.7&#8243; header_text_color=\u00bb#0033a1&#8243; body_text_align=\u00bbleft\u00bb read_more_text_color=\u00bb#0033a1&#8243; border_radii=\u00bbon|10px|10px|10px|10px\u00bb border_color_all=\u00bbrgba(0,51,161,0.29)\u00bb box_shadow_style=\u00bbpreset3&#8243;][\/et_pb_blog][\/et_pb_column][\/et_pb_row][\/et_pb_section][et_pb_section fb_built=\u00bb1&#8243; admin_label=\u00bbSubscription Section\u00bb _builder_version=\u00bb4.4.7&#8243; use_background_color_gradient=\u00bbon\u00bb background_color_gradient_start=\u00bbrgba(0,0,0,0.7)\u00bb background_color_gradient_end=\u00bbrgba(0,0,0,0.78)\u00bb background_color_gradient_overlays_image=\u00bbon\u00bb background_image=\u00bbhttps:\/\/gefico.com\/wp-content\/uploads\/2020\/06\/6-4-scaled-2.jpg\u00bb custom_padding=\u00bb120px||180px|\u00bb da_disable_devices=\u00bboff|off|off\u00bb da_is_popup=\u00bboff\u00bb da_exit_intent=\u00bboff\u00bb da_has_close=\u00bbon\u00bb da_alt_close=\u00bboff\u00bb da_dark_close=\u00bboff\u00bb da_not_modal=\u00bbon\u00bb da_is_singular=\u00bboff\u00bb da_with_loader=\u00bboff\u00bb da_has_shadow=\u00bbon\u00bb][et_pb_row _builder_version=\u00bb3.25&#8243; locked=\u00bboff\u00bb][et_pb_column type=\u00bb4_4&#8243; _builder_version=\u00bb3.25&#8243; custom_padding=\u00bb|||\u00bb custom_padding__hover=\u00bb|||\u00bb][et_pb_text admin_label=\u00bbTitle\u00bb _builder_version=\u00bb4.4.4&#8243; text_font=\u00bb||||||||\u00bb header_font=\u00bb||||||||\u00bb header_line_height=\u00bb1.2em\u00bb header_2_font=\u00bb|300|||||||\u00bb header_2_font_size=\u00bb60px\u00bb header_2_line_height=\u00bb1.3em\u00bb text_orientation=\u00bbcenter\u00bb background_layout=\u00bbdark\u00bb custom_margin=\u00bb||10px|\u00bb animation_style=\u00bbfade\u00bb animation_direction=\u00bbleft\u00bb animation_starting_opacity=\u00bb100%\u00bb header_2_font_size_tablet=\u00bb40px\u00bb header_2_font_size_phone=\u00bb\u00bb header_2_font_size_last_edited=\u00bbon|tablet\u00bb]<\/p>\n<h2>Nuestra Experiencia<\/h2>\n<p>[\/et_pb_text][et_pb_text admin_label=\u00bbSubtitle\u00bb _builder_version=\u00bb4.4.4&#8243; text_font=\u00bb|300|||||||\u00bb text_font_size=\u00bb19px\u00bb text_line_height=\u00bb2.2em\u00bb header_font=\u00bb||||||||\u00bb header_2_font=\u00bb||||||||\u00bb text_orientation=\u00bbcenter\u00bb background_layout=\u00bbdark\u00bb max_width=\u00bb700px\u00bb module_alignment=\u00bbcenter\u00bb animation_style=\u00bbfade\u00bb animation_direction=\u00bbleft\u00bb animation_starting_opacity=\u00bb100%\u00bb]<\/p>\n<p>Gefico tiene m\u00e1s de 40 a\u00f1os de experiencia: empezamos en 1979. En estos a\u00f1os, contribuimos a m\u00e1s de 12 000 instalaciones, en 6 mercados.\u00a0<\/p>\n<p>[\/et_pb_text][\/et_pb_column][\/et_pb_row][et_pb_row column_structure=\u00bb1_4,1_4,1_4,1_4&#8243; admin_label=\u00bbFun Fact\u00bb _builder_version=\u00bb3.25&#8243; custom_margin=\u00bb6px|auto||auto||\u00bb][et_pb_column type=\u00bb1_4&#8243; _builder_version=\u00bb3.25&#8243; custom_padding=\u00bb|||\u00bb custom_padding__hover=\u00bb|||\u00bb][et_pb_number_counter title=\u00bbA\u00f1os de Experiencia\u00bb number=\u00bb40&#8243; percent_sign=\u00bboff\u00bb _builder_version=\u00bb4.4.4&#8243; title_font=\u00bb||||||||\u00bb title_text_color=\u00bb#FFFFFF\u00bb title_font_size=\u00bb20px\u00bb number_font=\u00bbQuattrocento||||||||\u00bb number_text_color=\u00bb#ffffff\u00bb number_font_size=\u00bb80px\u00bb background_layout=\u00bbdark\u00bb][\/et_pb_number_counter][\/et_pb_column][et_pb_column type=\u00bb1_4&#8243; _builder_version=\u00bb3.25&#8243; custom_padding=\u00bb|||\u00bb custom_padding__hover=\u00bb|||\u00bb][et_pb_number_counter title=\u00bbClientes Internacionales\u00bb number=\u00bb1200&#8243; percent_sign=\u00bboff\u00bb _builder_version=\u00bb4.4.4&#8243; title_font=\u00bb||||||||\u00bb title_text_color=\u00bb#FFFFFF\u00bb title_font_size=\u00bb20px\u00bb number_font=\u00bbQuattrocento||||||||\u00bb number_text_color=\u00bb#ffffff\u00bb number_font_size=\u00bb80px\u00bb background_layout=\u00bbdark\u00bb locked=\u00bboff\u00bb][\/et_pb_number_counter][\/et_pb_column][et_pb_column type=\u00bb1_4&#8243; _builder_version=\u00bb3.25&#8243; custom_padding=\u00bb|||\u00bb custom_padding__hover=\u00bb|||\u00bb][et_pb_number_counter title=\u00bbPa\u00edses\u00bb number=\u00bb49&#8243; percent_sign=\u00bboff\u00bb _builder_version=\u00bb4.4.4&#8243; title_font=\u00bb||||||||\u00bb title_text_color=\u00bb#FFFFFF\u00bb title_font_size=\u00bb20px\u00bb number_font=\u00bbQuattrocento||||||||\u00bb number_text_color=\u00bb#ffffff\u00bb number_font_size=\u00bb80px\u00bb background_layout=\u00bbdark\u00bb locked=\u00bboff\u00bb][\/et_pb_number_counter][\/et_pb_column][et_pb_column type=\u00bb1_4&#8243; _builder_version=\u00bb4.4.4&#8243;][et_pb_number_counter title=\u00bbInstalaciones\u00bb number=\u00bb7000&#8243; percent_sign=\u00bboff\u00bb _builder_version=\u00bb4.4.4&#8243; title_font=\u00bb||||||||\u00bb title_text_color=\u00bb#FFFFFF\u00bb title_font_size=\u00bb20px\u00bb number_font=\u00bbQuattrocento||||||||\u00bb number_text_color=\u00bb#ffffff\u00bb number_font_size=\u00bb80px\u00bb background_layout=\u00bbdark\u00bb locked=\u00bboff\u00bb][\/et_pb_number_counter][\/et_pb_column][\/et_pb_row][et_pb_row _builder_version=\u00bb3.25&#8243; custom_margin=\u00bb1px|auto||auto||\u00bb locked=\u00bboff\u00bb][et_pb_column type=\u00bb4_4&#8243; _builder_version=\u00bb3.25&#8243; custom_padding=\u00bb|||\u00bb custom_padding__hover=\u00bb|||\u00bb][et_pb_button button_text=\u00bbNuestros Distribuidores\u00bb button_alignment=\u00bbcenter\u00bb _builder_version=\u00bb4.4.7&#8243; custom_button=\u00bbon\u00bb button_text_size=\u00bb14px\u00bb button_text_color=\u00bb#000000&#8243; button_bg_color=\u00bb#FFFFFF\u00bb button_border_width=\u00bb12px\u00bb button_border_color=\u00bb#FFFFFF\u00bb button_border_radius=\u00bb0px\u00bb button_letter_spacing=\u00bb4px\u00bb button_font=\u00bbNunito Sans|700||on|||||\u00bb button_icon=\u00bb%%3%%\u00bb background_layout=\u00bbdark\u00bb custom_margin=\u00bb|||\u00bb animation_style=\u00bbslide\u00bb animation_direction=\u00bbtop\u00bb animation_intensity_slide=\u00bb3%\u00bb animation_starting_opacity=\u00bb100%\u00bb hover_enabled=\u00bb0&#8243; button_text_size__hover_enabled=\u00bboff\u00bb button_one_text_size__hover_enabled=\u00bboff\u00bb button_two_text_size__hover_enabled=\u00bboff\u00bb button_text_color__hover_enabled=\u00bboff\u00bb button_one_text_color__hover_enabled=\u00bboff\u00bb button_two_text_color__hover_enabled=\u00bboff\u00bb button_border_width__hover_enabled=\u00bboff\u00bb button_one_border_width__hover_enabled=\u00bboff\u00bb button_two_border_width__hover_enabled=\u00bboff\u00bb button_border_color__hover_enabled=\u00bboff\u00bb button_one_border_color__hover_enabled=\u00bboff\u00bb button_two_border_color__hover_enabled=\u00bboff\u00bb button_border_radius__hover_enabled=\u00bboff\u00bb button_one_border_radius__hover_enabled=\u00bboff\u00bb button_two_border_radius__hover_enabled=\u00bboff\u00bb button_letter_spacing__hover_enabled=\u00bboff\u00bb button_one_letter_spacing__hover_enabled=\u00bboff\u00bb button_two_letter_spacing__hover_enabled=\u00bboff\u00bb button_bg_color__hover_enabled=\u00bboff\u00bb button_one_bg_color__hover_enabled=\u00bboff\u00bb button_two_bg_color__hover_enabled=\u00bboff\u00bb button_url=\u00bb\/index.php\/contacto\/#distribuidores\u00bb][\/et_pb_button][\/et_pb_column][\/et_pb_row][\/et_pb_section]<\/p>\n","protected":false},"excerpt":{"rendered":"<p>NoticiasNuestra ExperienciaGefico tiene m\u00e1s de 40 a\u00f1os de experiencia: empezamos en 1979. En estos a\u00f1os, contribuimos a m\u00e1s de 12 000 instalaciones, en 6 mercados.\u00a0<\/p>\n","protected":false},"author":2,"featured_media":0,"parent":0,"menu_order":0,"comment_status":"closed","ping_status":"closed","template":"","meta":{"_et_pb_use_builder":"on","_et_pb_old_content":"","_et_gb_content_width":"","_monsterinsights_skip_tracking":false,"_monsterinsights_sitenote_active":false,"_monsterinsights_sitenote_note":"","_monsterinsights_sitenote_category":0,"_uf_show_specific_survey":0,"_uf_disable_surveys":false,"footnotes":""},"class_list":["post-518","page","type-page","status-publish","hentry"],"yoast_head":"<!-- This site is optimized with the Yoast SEO plugin v23.8 - https:\/\/yoast.com\/wordpress\/plugins\/seo\/ -->\n<title>Noticias - Gefico Enterprise<\/title>\n<meta name=\"robots\" content=\"index, follow, max-snippet:-1, max-image-preview:large, max-video-preview:-1\" \/>\n<link rel=\"canonical\" href=\"https:\/\/gefico.com\/index.php\/noticias\/\" \/>\n<meta property=\"og:locale\" content=\"es_ES\" \/>\n<meta property=\"og:type\" content=\"article\" \/>\n<meta property=\"og:title\" content=\"Noticias - Gefico Enterprise\" \/>\n<meta property=\"og:description\" content=\"NoticiasNuestra ExperienciaGefico tiene m\u00e1s de 40 a\u00f1os de experiencia: empezamos en 1979. En estos a\u00f1os, contribuimos a m\u00e1s de 12 000 instalaciones, en 6 mercados.\u00a0\" \/>\n<meta property=\"og:url\" content=\"https:\/\/gefico.com\/index.php\/noticias\/\" \/>\n<meta property=\"og:site_name\" content=\"Gefico Enterprise\" \/>\n<meta property=\"article:modified_time\" content=\"2020-07-06T11:20:14+00:00\" \/>\n<meta name=\"twitter:card\" content=\"summary_large_image\" \/>\n<meta name=\"twitter:label1\" content=\"Tiempo de lectura\" \/>\n\t<meta name=\"twitter:data1\" content=\"6 minutos\" \/>\n<script type=\"application\/ld+json\" class=\"yoast-schema-graph\">{\"@context\":\"https:\/\/schema.org\",\"@graph\":[{\"@type\":\"WebPage\",\"@id\":\"https:\/\/gefico.com\/index.php\/noticias\/\",\"url\":\"https:\/\/gefico.com\/index.php\/noticias\/\",\"name\":\"Noticias - Gefico Enterprise\",\"isPartOf\":{\"@id\":\"https:\/\/gefico.com\/#website\"},\"datePublished\":\"2020-06-04T13:01:53+00:00\",\"dateModified\":\"2020-07-06T11:20:14+00:00\",\"breadcrumb\":{\"@id\":\"https:\/\/gefico.com\/index.php\/noticias\/#breadcrumb\"},\"inLanguage\":\"es\",\"potentialAction\":[{\"@type\":\"ReadAction\",\"target\":[\"https:\/\/gefico.com\/index.php\/noticias\/\"]}]},{\"@type\":\"BreadcrumbList\",\"@id\":\"https:\/\/gefico.com\/index.php\/noticias\/#breadcrumb\",\"itemListElement\":[{\"@type\":\"ListItem\",\"position\":1,\"name\":\"Home\",\"item\":\"https:\/\/gefico.com\/\"},{\"@type\":\"ListItem\",\"position\":2,\"name\":\"Noticias\"}]},{\"@type\":\"WebSite\",\"@id\":\"https:\/\/gefico.com\/#website\",\"url\":\"https:\/\/gefico.com\/\",\"name\":\"Gefico Enterprise\",\"description\":\"Water Solutions\",\"publisher\":{\"@id\":\"https:\/\/gefico.com\/#organization\"},\"potentialAction\":[{\"@type\":\"SearchAction\",\"target\":{\"@type\":\"EntryPoint\",\"urlTemplate\":\"https:\/\/gefico.com\/?s={search_term_string}\"},\"query-input\":{\"@type\":\"PropertyValueSpecification\",\"valueRequired\":true,\"valueName\":\"search_term_string\"}}],\"inLanguage\":\"es\"},{\"@type\":\"Organization\",\"@id\":\"https:\/\/gefico.com\/#organization\",\"name\":\"Gefico Enterprise S.L.\",\"url\":\"https:\/\/gefico.com\/\",\"logo\":{\"@type\":\"ImageObject\",\"inLanguage\":\"es\",\"@id\":\"https:\/\/gefico.com\/#\/schema\/logo\/image\/\",\"url\":\"https:\/\/gefico.com\/wp-content\/uploads\/2020\/07\/gefico_logo.png\",\"contentUrl\":\"https:\/\/gefico.com\/wp-content\/uploads\/2020\/07\/gefico_logo.png\",\"width\":2240,\"height\":797,\"caption\":\"Gefico Enterprise S.L.\"},\"image\":{\"@id\":\"https:\/\/gefico.com\/#\/schema\/logo\/image\/\"},\"sameAs\":[\"https:\/\/www.instagram.com\/geficowatermakers\",\"https:\/\/www.linkedin.com\/company\/gefico\/\"]}]}<\/script>\n<!-- \/ Yoast SEO plugin. -->","yoast_head_json":{"title":"Noticias - Gefico Enterprise","robots":{"index":"index","follow":"follow","max-snippet":"max-snippet:-1","max-image-preview":"max-image-preview:large","max-video-preview":"max-video-preview:-1"},"canonical":"https:\/\/gefico.com\/index.php\/noticias\/","og_locale":"es_ES","og_type":"article","og_title":"Noticias - Gefico Enterprise","og_description":"NoticiasNuestra ExperienciaGefico tiene m\u00e1s de 40 a\u00f1os de experiencia: empezamos en 1979. En estos a\u00f1os, contribuimos a m\u00e1s de 12 000 instalaciones, en 6 mercados.\u00a0","og_url":"https:\/\/gefico.com\/index.php\/noticias\/","og_site_name":"Gefico Enterprise","article_modified_time":"2020-07-06T11:20:14+00:00","twitter_card":"summary_large_image","twitter_misc":{"Tiempo de lectura":"6 minutos"},"schema":{"@context":"https:\/\/schema.org","@graph":[{"@type":"WebPage","@id":"https:\/\/gefico.com\/index.php\/noticias\/","url":"https:\/\/gefico.com\/index.php\/noticias\/","name":"Noticias - Gefico Enterprise","isPartOf":{"@id":"https:\/\/gefico.com\/#website"},"datePublished":"2020-06-04T13:01:53+00:00","dateModified":"2020-07-06T11:20:14+00:00","breadcrumb":{"@id":"https:\/\/gefico.com\/index.php\/noticias\/#breadcrumb"},"inLanguage":"es","potentialAction":[{"@type":"ReadAction","target":["https:\/\/gefico.com\/index.php\/noticias\/"]}]},{"@type":"BreadcrumbList","@id":"https:\/\/gefico.com\/index.php\/noticias\/#breadcrumb","itemListElement":[{"@type":"ListItem","position":1,"name":"Home","item":"https:\/\/gefico.com\/"},{"@type":"ListItem","position":2,"name":"Noticias"}]},{"@type":"WebSite","@id":"https:\/\/gefico.com\/#website","url":"https:\/\/gefico.com\/","name":"Gefico Enterprise","description":"Water Solutions","publisher":{"@id":"https:\/\/gefico.com\/#organization"},"potentialAction":[{"@type":"SearchAction","target":{"@type":"EntryPoint","urlTemplate":"https:\/\/gefico.com\/?s={search_term_string}"},"query-input":{"@type":"PropertyValueSpecification","valueRequired":true,"valueName":"search_term_string"}}],"inLanguage":"es"},{"@type":"Organization","@id":"https:\/\/gefico.com\/#organization","name":"Gefico Enterprise S.L.","url":"https:\/\/gefico.com\/","logo":{"@type":"ImageObject","inLanguage":"es","@id":"https:\/\/gefico.com\/#\/schema\/logo\/image\/","url":"https:\/\/gefico.com\/wp-content\/uploads\/2020\/07\/gefico_logo.png","contentUrl":"https:\/\/gefico.com\/wp-content\/uploads\/2020\/07\/gefico_logo.png","width":2240,"height":797,"caption":"Gefico Enterprise S.L."},"image":{"@id":"https:\/\/gefico.com\/#\/schema\/logo\/image\/"},"sameAs":["https:\/\/www.instagram.com\/geficowatermakers","https:\/\/www.linkedin.com\/company\/gefico\/"]}]}},"jetpack_sharing_enabled":true,"_links":{"self":[{"href":"https:\/\/gefico.com\/index.php\/wp-json\/wp\/v2\/pages\/518","targetHints":{"allow":["GET"]}}],"collection":[{"href":"https:\/\/gefico.com\/index.php\/wp-json\/wp\/v2\/pages"}],"about":[{"href":"https:\/\/gefico.com\/index.php\/wp-json\/wp\/v2\/types\/page"}],"author":[{"embeddable":true,"href":"https:\/\/gefico.com\/index.php\/wp-json\/wp\/v2\/users\/2"}],"replies":[{"embeddable":true,"href":"https:\/\/gefico.com\/index.php\/wp-json\/wp\/v2\/comments?post=518"}],"version-history":[{"count":10,"href":"https:\/\/gefico.com\/index.php\/wp-json\/wp\/v2\/pages\/518\/revisions"}],"predecessor-version":[{"id":8721,"href":"https:\/\/gefico.com\/index.php\/wp-json\/wp\/v2\/pages\/518\/revisions\/8721"}],"wp:attachment":[{"href":"https:\/\/gefico.com\/index.php\/wp-json\/wp\/v2\/media?parent=518"}],"curies":[{"name":"wp","href":"https:\/\/api.w.org\/{rel}","templated":true}]}}