{"id":599,"date":"2020-06-05T08:42:25","date_gmt":"2020-06-05T08:42:25","guid":{"rendered":"http:\/\/cetussrv.cetusglobal.com\/gefico\/?page_id=599"},"modified":"2020-07-13T08:16:58","modified_gmt":"2020-07-13T08:16:58","slug":"sector-residencial","status":"publish","type":"page","link":"https:\/\/gefico.com\/index.php\/tierra\/sector-residencial\/","title":{"rendered":"Sector Residencial"},"content":{"rendered":"<p>[et_pb_section fb_built=\u00bb1&#8243; admin_label=\u00bbSubscription Section\u00bb _builder_version=\u00bb4.4.7&#8243; use_background_color_gradient=\u00bbon\u00bb background_color_gradient_start=\u00bbrgba(0,0,0,0.53)\u00bb background_color_gradient_end=\u00bbrgba(0,0,0,0.58)\u00bb background_color_gradient_overlays_image=\u00bbon\u00bb background_image=\u00bbhttps:\/\/gefico.com\/wp-content\/uploads\/2020\/06\/Gefico-Web-Fondos-8-1-scaled-2.jpg\u00bb custom_padding=\u00bb159px||106px|||\u00bb da_disable_devices=\u00bboff|off|off\u00bb da_is_popup=\u00bboff\u00bb da_exit_intent=\u00bboff\u00bb da_has_close=\u00bbon\u00bb da_alt_close=\u00bboff\u00bb da_dark_close=\u00bboff\u00bb da_not_modal=\u00bbon\u00bb da_is_singular=\u00bboff\u00bb da_with_loader=\u00bboff\u00bb da_has_shadow=\u00bbon\u00bb][et_pb_row _builder_version=\u00bb3.25&#8243; custom_margin=\u00bb10px|auto||auto||\u00bb locked=\u00bboff\u00bb][et_pb_column type=\u00bb4_4&#8243; _builder_version=\u00bb3.25&#8243; custom_padding=\u00bb|||\u00bb custom_padding__hover=\u00bb|||\u00bb][et_pb_text admin_label=\u00bbTitle\u00bb _builder_version=\u00bb4.4.8&#8243; text_font=\u00bb||||||||\u00bb header_font=\u00bb|300|||||||\u00bb header_font_size=\u00bb70px\u00bb header_line_height=\u00bb1.2em\u00bb header_2_font=\u00bbAbril Fatface||||||||\u00bb header_2_font_size=\u00bb60px\u00bb header_2_line_height=\u00bb1.3em\u00bb text_orientation=\u00bbcenter\u00bb background_layout=\u00bbdark\u00bb custom_margin=\u00bb-3px||10px|||\u00bb custom_padding=\u00bb0px|||||\u00bb animation_style=\u00bbfade\u00bb animation_direction=\u00bbleft\u00bb animation_starting_opacity=\u00bb100%\u00bb header_font_size_tablet=\u00bb\u00bb header_font_size_phone=\u00bb50px\u00bb header_font_size_last_edited=\u00bbon|phone\u00bb header_2_font_size_tablet=\u00bb40px\u00bb header_2_font_size_phone=\u00bb\u00bb header_2_font_size_last_edited=\u00bbon|tablet\u00bb]<\/p>\n<h1>Sector Residencial<\/h1>\n<p>[\/et_pb_text][et_pb_text admin_label=\u00bbTitle\u00bb _builder_version=\u00bb4.4.7&#8243; text_font=\u00bb||||||||\u00bb header_font=\u00bb|300|||||||\u00bb header_font_size=\u00bb70px\u00bb header_line_height=\u00bb1.2em\u00bb header_2_font=\u00bbAbril Fatface||||||||\u00bb header_2_font_size=\u00bb60px\u00bb header_2_line_height=\u00bb1.3em\u00bb header_3_font=\u00bb|300|||||||\u00bb background_color=\u00bbrgba(0,0,0,0)\u00bb text_orientation=\u00bbcenter\u00bb background_layout=\u00bbdark\u00bb custom_margin=\u00bb-3px||10px|||\u00bb custom_padding=\u00bb0px|||||\u00bb animation_style=\u00bbfade\u00bb animation_direction=\u00bbleft\u00bb animation_starting_opacity=\u00bb100%\u00bb header_2_font_size_tablet=\u00bb40px\u00bb header_2_font_size_phone=\u00bb\u00bb header_2_font_size_last_edited=\u00bbon|tablet\u00bb border_radii=\u00bbon|20px|20px|20px|20px\u00bb]<\/p>\n<h3>Facilitando el acceso a agua de calidad en cualquier parte del planeta<\/h3>\n<p>[\/et_pb_text][et_pb_text admin_label=\u00bbSubtitle\u00bb _builder_version=\u00bb3.27.4&#8243; text_font=\u00bbQuattrocento||||||||\u00bb text_font_size=\u00bb18px\u00bb text_line_height=\u00bb2.2em\u00bb header_font=\u00bb||||||||\u00bb header_2_font=\u00bb||||||||\u00bb text_orientation=\u00bbcenter\u00bb background_layout=\u00bbdark\u00bb max_width=\u00bb700px\u00bb module_alignment=\u00bbcenter\u00bb animation_style=\u00bbfade\u00bb animation_direction=\u00bbleft\u00bb animation_starting_opacity=\u00bb100%\u00bb][\/et_pb_text][\/et_pb_column][\/et_pb_row][\/et_pb_section][et_pb_section fb_built=\u00bb1&#8243; _builder_version=\u00bb4.4.8&#8243; da_disable_devices=\u00bboff|off|off\u00bb da_is_popup=\u00bboff\u00bb da_exit_intent=\u00bboff\u00bb da_has_close=\u00bbon\u00bb da_alt_close=\u00bboff\u00bb da_dark_close=\u00bboff\u00bb da_not_modal=\u00bbon\u00bb da_is_singular=\u00bboff\u00bb da_with_loader=\u00bboff\u00bb da_has_shadow=\u00bbon\u00bb][et_pb_row column_structure=\u00bb1_2,1_2&#8243; _builder_version=\u00bb4.4.8&#8243; custom_margin=\u00bb2px|auto||auto||\u00bb custom_margin_tablet=\u00bb20px||||false|false\u00bb custom_margin_phone=\u00bb0px|auto||auto|false|false\u00bb custom_margin_last_edited=\u00bbon|phone\u00bb][et_pb_column type=\u00bb1_2&#8243; _builder_version=\u00bb4.4.4&#8243;][et_pb_text _builder_version=\u00bb4.4.4&#8243; text_font=\u00bb||||||||\u00bb text_font_size=\u00bb17px\u00bb text_line_height=\u00bb1.8em\u00bb header_2_font=\u00bb||||||||\u00bb header_2_text_color=\u00bb#0033a1&#8243; custom_margin=\u00bb3px|||||\u00bb]<\/p>\n<h2>Agua en el sector residencial<\/h2>\n<p>La demanda de agua en el sector residencial ha ido en continuo aumento, acorde al crecimiento sostenido de la poblaci\u00f3n mundial. Del mismo modo, los efectos de la contaminaci\u00f3n medioambiental y del cambio clim\u00e1tico son asuntos de vital importancia a tener en cuenta para cumplir con la demanda global y luchar contra los problemas de abastecimiento, que merman su disponibilidad en cantidad y calidad.<\/p>\n<p>[\/et_pb_text][\/et_pb_column][et_pb_column type=\u00bb1_2&#8243; _builder_version=\u00bb4.4.4&#8243;][et_pb_image src=\u00bbhttps:\/\/gefico.com\/wp-content\/uploads\/2020\/06\/Porto-Lobito-Angola-2xAQE-60D-1.jpg\u00bb title_text=\u00bbPorto Lobito &#8211; Angola &#8211; 2xAQE-60D\u00bb _builder_version=\u00bb4.4.7&#8243; box_shadow_style=\u00bbpreset2&#8243;][\/et_pb_image][\/et_pb_column][\/et_pb_row][et_pb_row column_structure=\u00bb1_2,1_2&#8243; custom_padding_last_edited=\u00bbon|tablet\u00bb _builder_version=\u00bb4.4.4&#8243; custom_padding=\u00bb49px|||||\u00bb custom_padding_tablet=\u00bb20px||||false|false\u00bb custom_padding_phone=\u00bb50px||||false|false\u00bb][et_pb_column type=\u00bb1_2&#8243; _builder_version=\u00bb4.4.4&#8243;][et_pb_image src=\u00bbhttps:\/\/gefico.com\/wp-content\/uploads\/2020\/06\/Gefico-Web-Fondos-7-1-scaled-1.jpg\u00bb title_text=\u00bbGefico Web Fondos (7) (1)\u00bb disabled_on=\u00bbon|on|off\u00bb _builder_version=\u00bb4.4.7&#8243; box_shadow_style=\u00bbpreset2&#8243;][\/et_pb_image][\/et_pb_column][et_pb_column type=\u00bb1_2&#8243; _builder_version=\u00bb4.4.4&#8243;][et_pb_text _builder_version=\u00bb4.4.4&#8243; text_font=\u00bb||||||||\u00bb text_font_size=\u00bb17px\u00bb text_line_height=\u00bb1.8em\u00bb header_2_font=\u00bb||||||||\u00bb header_2_text_color=\u00bb#0033a1&#8243; custom_margin=\u00bb3px|||||\u00bb]<\/p>\n<h2>Tecnolog\u00eda con est\u00e1ndares mar\u00edtimos<\/h2>\n<p>Las unidades Gefico para Tierra se han dise\u00f1ado en base a los exigentes requerimientos del sector mar\u00edtimo, lo que les confiere un plus de robustez y durabilidad. Esto es una garant\u00eda extra para atender las necesidades de agua de calidad en poblaciones y comunidades.<\/p>\n<p>[\/et_pb_text][\/et_pb_column][\/et_pb_row][\/et_pb_section][et_pb_section fb_built=\u00bb1&#8243; _builder_version=\u00bb4.4.4&#8243; da_disable_devices=\u00bboff|off|off\u00bb da_is_popup=\u00bboff\u00bb da_exit_intent=\u00bboff\u00bb da_has_close=\u00bbon\u00bb da_alt_close=\u00bboff\u00bb da_dark_close=\u00bboff\u00bb da_not_modal=\u00bbon\u00bb da_is_singular=\u00bboff\u00bb da_with_loader=\u00bboff\u00bb da_has_shadow=\u00bbon\u00bb][et_pb_row _builder_version=\u00bb4.4.4&#8243;][et_pb_column type=\u00bb4_4&#8243; _builder_version=\u00bb4.4.4&#8243;][et_pb_text admin_label=\u00bbTitle\u00bb _builder_version=\u00bb4.4.4&#8243; text_font=\u00bb||||||||\u00bb header_font=\u00bb||||||||\u00bb header_text_color=\u00bb#000f42&#8243; header_font_size=\u00bb17px\u00bb header_2_font=\u00bb|300|||||||\u00bb header_2_text_color=\u00bb#0033a1&#8243; header_2_font_size=\u00bb50px\u00bb header_2_line_height=\u00bb1.3em\u00bb text_orientation=\u00bbcenter\u00bb custom_margin=\u00bb||10px|\u00bb animation_style=\u00bbfade\u00bb animation_direction=\u00bbleft\u00bb animation_starting_opacity=\u00bb100%\u00bb header_2_font_size_tablet=\u00bb40px\u00bb header_2_font_size_phone=\u00bb\u00bb header_2_font_size_last_edited=\u00bbon|tablet\u00bb]<\/p>\n<h2>Referencias<\/h2>\n<p>[\/et_pb_text][\/et_pb_column][\/et_pb_row][et_pb_row _builder_version=\u00bb4.4.4&#8243;][et_pb_column type=\u00bb4_4&#8243; _builder_version=\u00bb4.4.4&#8243;][et_pb_blog fullwidth=\u00bboff\u00bb posts_number=\u00bb3&#8243; include_categories=\u00bb21&#8243; excerpt_length=\u00bb150&#8243; show_more=\u00bbon\u00bb show_author=\u00bboff\u00bb show_date=\u00bboff\u00bb show_categories=\u00bboff\u00bb use_overlay=\u00bbon\u00bb overlay_icon_color=\u00bb#0033a1&#8243; hover_overlay_color=\u00bbrgba(255,255,255,0.52)\u00bb hover_icon=\u00bb%%52%%\u00bb _builder_version=\u00bb4.4.7&#8243; header_text_color=\u00bb#0033a1&#8243; body_text_align=\u00bbleft\u00bb read_more_text_color=\u00bb#0033a1&#8243; border_radii=\u00bbon|10px|10px|10px|10px\u00bb border_color_all=\u00bbrgba(0,51,161,0.29)\u00bb box_shadow_style=\u00bbpreset3&#8243;][\/et_pb_blog][\/et_pb_column][\/et_pb_row][\/et_pb_section][et_pb_section fb_built=\u00bb1&#8243; admin_label=\u00bbSubscription Section\u00bb _builder_version=\u00bb4.4.7&#8243; use_background_color_gradient=\u00bbon\u00bb background_color_gradient_start=\u00bbrgba(0,0,0,0.7)\u00bb background_color_gradient_end=\u00bbrgba(0,0,0,0.52)\u00bb background_color_gradient_overlays_image=\u00bbon\u00bb background_image=\u00bbhttps:\/\/gefico.com\/wp-content\/uploads\/2020\/05\/vista-aerea_2-002-scaled-1.jpg\u00bb custom_padding=\u00bb80px||100px|||\u00bb da_disable_devices=\u00bboff|off|off\u00bb da_is_popup=\u00bboff\u00bb da_exit_intent=\u00bboff\u00bb da_has_close=\u00bbon\u00bb da_alt_close=\u00bboff\u00bb da_dark_close=\u00bboff\u00bb da_not_modal=\u00bbon\u00bb da_is_singular=\u00bboff\u00bb da_with_loader=\u00bboff\u00bb da_has_shadow=\u00bbon\u00bb][et_pb_row _builder_version=\u00bb3.25&#8243; locked=\u00bboff\u00bb][et_pb_column type=\u00bb4_4&#8243; _builder_version=\u00bb3.25&#8243; custom_padding=\u00bb|||\u00bb custom_padding__hover=\u00bb|||\u00bb][et_pb_text admin_label=\u00bbTitle\u00bb _builder_version=\u00bb4.4.4&#8243; text_font=\u00bb||||||||\u00bb header_font=\u00bb||||||||\u00bb header_line_height=\u00bb1.2em\u00bb header_2_font=\u00bb|300|||||||\u00bb header_2_font_size=\u00bb60px\u00bb header_2_line_height=\u00bb1.3em\u00bb text_orientation=\u00bbcenter\u00bb background_layout=\u00bbdark\u00bb custom_margin=\u00bb||10px|\u00bb animation_style=\u00bbfade\u00bb animation_direction=\u00bbleft\u00bb animation_starting_opacity=\u00bb100%\u00bb header_2_font_size_tablet=\u00bb40px\u00bb header_2_font_size_phone=\u00bb\u00bb header_2_font_size_last_edited=\u00bbon|tablet\u00bb]<\/p>\n<h2>Nuestra Experiencia<\/h2>\n<p>[\/et_pb_text][et_pb_text admin_label=\u00bbSubtitle\u00bb _builder_version=\u00bb4.4.4&#8243; text_font=\u00bb|300|||||||\u00bb text_font_size=\u00bb19px\u00bb text_line_height=\u00bb2.2em\u00bb header_font=\u00bb||||||||\u00bb header_2_font=\u00bb||||||||\u00bb text_orientation=\u00bbcenter\u00bb background_layout=\u00bbdark\u00bb max_width=\u00bb700px\u00bb module_alignment=\u00bbcenter\u00bb animation_style=\u00bbfade\u00bb animation_direction=\u00bbleft\u00bb animation_starting_opacity=\u00bb100%\u00bb]<\/p>\n<p>Presentes en todo el mundo desde 1979<\/p>\n<p>[\/et_pb_text][\/et_pb_column][\/et_pb_row][et_pb_row column_structure=\u00bb1_4,1_4,1_4,1_4&#8243; admin_label=\u00bbFun Fact\u00bb _builder_version=\u00bb4.4.4&#8243; module_alignment=\u00bbcenter\u00bb custom_margin=\u00bb30px|auto||auto||\u00bb][et_pb_column type=\u00bb1_4&#8243; _builder_version=\u00bb3.25&#8243; custom_padding=\u00bb|||\u00bb custom_padding__hover=\u00bb|||\u00bb][et_pb_number_counter title=\u00bbDelegaciones\u00bb number=\u00bb60&#8243; percent_sign=\u00bboff\u00bb _builder_version=\u00bb4.4.8&#8243; title_font=\u00bb||||||||\u00bb title_text_color=\u00bb#FFFFFF\u00bb title_font_size=\u00bb20px\u00bb number_font=\u00bbQuattrocento||||||||\u00bb number_text_color=\u00bb#ffffff\u00bb number_font_size=\u00bb80px\u00bb background_layout=\u00bbdark\u00bb][\/et_pb_number_counter][\/et_pb_column][et_pb_column type=\u00bb1_4&#8243; _builder_version=\u00bb3.25&#8243; custom_padding=\u00bb|||\u00bb custom_padding__hover=\u00bb|||\u00bb][et_pb_number_counter title=\u00bbPa\u00edses\u00bb number=\u00bb49&#8243; percent_sign=\u00bboff\u00bb _builder_version=\u00bb4.4.4&#8243; title_font=\u00bb||||||||\u00bb title_text_color=\u00bb#FFFFFF\u00bb title_font_size=\u00bb20px\u00bb number_font=\u00bbQuattrocento||||||||\u00bb number_text_color=\u00bb#ffffff\u00bb number_font_size=\u00bb80px\u00bb background_layout=\u00bbdark\u00bb locked=\u00bboff\u00bb][\/et_pb_number_counter][\/et_pb_column][et_pb_column type=\u00bb1_4&#8243; _builder_version=\u00bb3.25&#8243; custom_padding=\u00bb|||\u00bb custom_padding__hover=\u00bb|||\u00bb][et_pb_number_counter title=\u00bbClientes Internacionales\u00bb number=\u00bb1200&#8243; percent_sign=\u00bboff\u00bb _builder_version=\u00bb4.4.4&#8243; title_font=\u00bb||||||||\u00bb title_text_color=\u00bb#FFFFFF\u00bb title_font_size=\u00bb20px\u00bb number_font=\u00bbQuattrocento||||||||\u00bb number_text_color=\u00bb#ffffff\u00bb number_font_size=\u00bb80px\u00bb background_layout=\u00bbdark\u00bb locked=\u00bboff\u00bb][\/et_pb_number_counter][\/et_pb_column][et_pb_column type=\u00bb1_4&#8243; _builder_version=\u00bb4.4.4&#8243;][et_pb_number_counter title=\u00bbInstalaciones\u00bb number=\u00bb7000&#8243; percent_sign=\u00bboff\u00bb _builder_version=\u00bb4.4.4&#8243; title_font=\u00bb||||||||\u00bb title_text_color=\u00bb#FFFFFF\u00bb title_font_size=\u00bb20px\u00bb number_font=\u00bbQuattrocento||||||||\u00bb number_text_color=\u00bb#ffffff\u00bb number_font_size=\u00bb80px\u00bb background_layout=\u00bbdark\u00bb locked=\u00bboff\u00bb][\/et_pb_number_counter][\/et_pb_column][\/et_pb_row][et_pb_row _builder_version=\u00bb3.25&#8243; locked=\u00bboff\u00bb][et_pb_column type=\u00bb4_4&#8243; _builder_version=\u00bb3.25&#8243; custom_padding=\u00bb|||\u00bb custom_padding__hover=\u00bb|||\u00bb][et_pb_button button_url=\u00bb\/index.php\/contacto\/#distribuidores\u00bb button_text=\u00bbNuestros Distribuidores\u00bb button_alignment=\u00bbcenter\u00bb _builder_version=\u00bb4.4.7&#8243; custom_button=\u00bbon\u00bb button_text_size=\u00bb14px\u00bb button_text_color=\u00bb#000000&#8243; button_bg_color=\u00bb#ffffff\u00bb button_border_width=\u00bb12px\u00bb button_border_color=\u00bbrgba(255,255,255,0)\u00bb button_border_radius=\u00bb0px\u00bb button_letter_spacing=\u00bb4px\u00bb button_font=\u00bbNunito Sans|700||on|||||\u00bb button_icon=\u00bb%%3%%\u00bb background_layout=\u00bbdark\u00bb custom_margin=\u00bb|||\u00bb animation_style=\u00bbslide\u00bb animation_direction=\u00bbtop\u00bb animation_intensity_slide=\u00bb3%\u00bb animation_starting_opacity=\u00bb100%\u00bb button_text_size__hover_enabled=\u00bboff\u00bb button_one_text_size__hover_enabled=\u00bboff\u00bb button_two_text_size__hover_enabled=\u00bboff\u00bb button_text_color__hover_enabled=\u00bboff\u00bb button_one_text_color__hover_enabled=\u00bboff\u00bb button_two_text_color__hover_enabled=\u00bboff\u00bb button_border_width__hover_enabled=\u00bboff\u00bb button_one_border_width__hover_enabled=\u00bboff\u00bb button_two_border_width__hover_enabled=\u00bboff\u00bb button_border_color__hover_enabled=\u00bboff\u00bb button_one_border_color__hover_enabled=\u00bboff\u00bb button_two_border_color__hover_enabled=\u00bboff\u00bb button_border_radius__hover_enabled=\u00bboff\u00bb button_one_border_radius__hover_enabled=\u00bboff\u00bb button_two_border_radius__hover_enabled=\u00bboff\u00bb button_letter_spacing__hover_enabled=\u00bboff\u00bb button_one_letter_spacing__hover_enabled=\u00bboff\u00bb button_two_letter_spacing__hover_enabled=\u00bboff\u00bb button_bg_color__hover_enabled=\u00bboff\u00bb button_one_bg_color__hover_enabled=\u00bboff\u00bb button_two_bg_color__hover_enabled=\u00bboff\u00bb][\/et_pb_button][\/et_pb_column][\/et_pb_row][\/et_pb_section]<\/p>\n","protected":false},"excerpt":{"rendered":"<p>Sector ResidencialFacilitando el acceso a agua de calidad en cualquier parte del planetaAgua en el sector residencial La demanda de agua en el sector residencial ha ido en continuo aumento, acorde al crecimiento sostenido de la poblaci\u00f3n mundial. Del mismo modo, los efectos de la contaminaci\u00f3n medioambiental y del cambio clim\u00e1tico son asuntos de vital [&hellip;]<\/p>\n","protected":false},"author":2,"featured_media":0,"parent":506,"menu_order":0,"comment_status":"closed","ping_status":"closed","template":"","meta":{"_et_pb_use_builder":"on","_et_pb_old_content":"","_et_gb_content_width":"","_monsterinsights_skip_tracking":false,"_monsterinsights_sitenote_active":false,"_monsterinsights_sitenote_note":"","_monsterinsights_sitenote_category":0,"_uf_show_specific_survey":0,"_uf_disable_surveys":false,"footnotes":""},"class_list":["post-599","page","type-page","status-publish","hentry"],"yoast_head":"<!-- This site is optimized with the Yoast SEO plugin v23.8 - https:\/\/yoast.com\/wordpress\/plugins\/seo\/ -->\n<title>Sector Residencial - Gefico Enterprise<\/title>\n<meta name=\"robots\" content=\"index, follow, max-snippet:-1, max-image-preview:large, max-video-preview:-1\" \/>\n<link rel=\"canonical\" href=\"https:\/\/gefico.com\/index.php\/tierra\/sector-residencial\/\" \/>\n<meta property=\"og:locale\" content=\"es_ES\" \/>\n<meta property=\"og:type\" content=\"article\" \/>\n<meta property=\"og:title\" content=\"Sector Residencial - Gefico Enterprise\" \/>\n<meta property=\"og:description\" content=\"Sector ResidencialFacilitando el acceso a agua de calidad en cualquier parte del planetaAgua en el sector residencial La demanda de agua en el sector residencial ha ido en continuo aumento, acorde al crecimiento sostenido de la poblaci\u00f3n mundial. Del mismo modo, los efectos de la contaminaci\u00f3n medioambiental y del cambio clim\u00e1tico son asuntos de vital [&hellip;]\" \/>\n<meta property=\"og:url\" content=\"https:\/\/gefico.com\/index.php\/tierra\/sector-residencial\/\" \/>\n<meta property=\"og:site_name\" content=\"Gefico Enterprise\" \/>\n<meta property=\"article:modified_time\" content=\"2020-07-13T08:16:58+00:00\" \/>\n<meta name=\"twitter:card\" content=\"summary_large_image\" \/>\n<meta name=\"twitter:label1\" content=\"Tiempo de lectura\" \/>\n\t<meta name=\"twitter:data1\" content=\"8 minutos\" \/>\n<script type=\"application\/ld+json\" class=\"yoast-schema-graph\">{\"@context\":\"https:\/\/schema.org\",\"@graph\":[{\"@type\":\"WebPage\",\"@id\":\"https:\/\/gefico.com\/index.php\/tierra\/sector-residencial\/\",\"url\":\"https:\/\/gefico.com\/index.php\/tierra\/sector-residencial\/\",\"name\":\"Sector Residencial - Gefico Enterprise\",\"isPartOf\":{\"@id\":\"https:\/\/gefico.com\/#website\"},\"datePublished\":\"2020-06-05T08:42:25+00:00\",\"dateModified\":\"2020-07-13T08:16:58+00:00\",\"breadcrumb\":{\"@id\":\"https:\/\/gefico.com\/index.php\/tierra\/sector-residencial\/#breadcrumb\"},\"inLanguage\":\"es\",\"potentialAction\":[{\"@type\":\"ReadAction\",\"target\":[\"https:\/\/gefico.com\/index.php\/tierra\/sector-residencial\/\"]}]},{\"@type\":\"BreadcrumbList\",\"@id\":\"https:\/\/gefico.com\/index.php\/tierra\/sector-residencial\/#breadcrumb\",\"itemListElement\":[{\"@type\":\"ListItem\",\"position\":1,\"name\":\"Home\",\"item\":\"https:\/\/gefico.com\/\"},{\"@type\":\"ListItem\",\"position\":2,\"name\":\"Tierra\",\"item\":\"https:\/\/gefico.com\/index.php\/tierra\/\"},{\"@type\":\"ListItem\",\"position\":3,\"name\":\"Sector Residencial\"}]},{\"@type\":\"WebSite\",\"@id\":\"https:\/\/gefico.com\/#website\",\"url\":\"https:\/\/gefico.com\/\",\"name\":\"Gefico Enterprise\",\"description\":\"Water Solutions\",\"publisher\":{\"@id\":\"https:\/\/gefico.com\/#organization\"},\"potentialAction\":[{\"@type\":\"SearchAction\",\"target\":{\"@type\":\"EntryPoint\",\"urlTemplate\":\"https:\/\/gefico.com\/?s={search_term_string}\"},\"query-input\":{\"@type\":\"PropertyValueSpecification\",\"valueRequired\":true,\"valueName\":\"search_term_string\"}}],\"inLanguage\":\"es\"},{\"@type\":\"Organization\",\"@id\":\"https:\/\/gefico.com\/#organization\",\"name\":\"Gefico Enterprise S.L.\",\"url\":\"https:\/\/gefico.com\/\",\"logo\":{\"@type\":\"ImageObject\",\"inLanguage\":\"es\",\"@id\":\"https:\/\/gefico.com\/#\/schema\/logo\/image\/\",\"url\":\"https:\/\/gefico.com\/wp-content\/uploads\/2020\/07\/gefico_logo.png\",\"contentUrl\":\"https:\/\/gefico.com\/wp-content\/uploads\/2020\/07\/gefico_logo.png\",\"width\":2240,\"height\":797,\"caption\":\"Gefico Enterprise S.L.\"},\"image\":{\"@id\":\"https:\/\/gefico.com\/#\/schema\/logo\/image\/\"},\"sameAs\":[\"https:\/\/www.instagram.com\/geficowatermakers\",\"https:\/\/www.linkedin.com\/company\/gefico\/\"]}]}<\/script>\n<!-- \/ Yoast SEO plugin. -->","yoast_head_json":{"title":"Sector Residencial - Gefico Enterprise","robots":{"index":"index","follow":"follow","max-snippet":"max-snippet:-1","max-image-preview":"max-image-preview:large","max-video-preview":"max-video-preview:-1"},"canonical":"https:\/\/gefico.com\/index.php\/tierra\/sector-residencial\/","og_locale":"es_ES","og_type":"article","og_title":"Sector Residencial - Gefico Enterprise","og_description":"Sector ResidencialFacilitando el acceso a agua de calidad en cualquier parte del planetaAgua en el sector residencial La demanda de agua en el sector residencial ha ido en continuo aumento, acorde al crecimiento sostenido de la poblaci\u00f3n mundial. Del mismo modo, los efectos de la contaminaci\u00f3n medioambiental y del cambio clim\u00e1tico son asuntos de vital [&hellip;]","og_url":"https:\/\/gefico.com\/index.php\/tierra\/sector-residencial\/","og_site_name":"Gefico Enterprise","article_modified_time":"2020-07-13T08:16:58+00:00","twitter_card":"summary_large_image","twitter_misc":{"Tiempo de lectura":"8 minutos"},"schema":{"@context":"https:\/\/schema.org","@graph":[{"@type":"WebPage","@id":"https:\/\/gefico.com\/index.php\/tierra\/sector-residencial\/","url":"https:\/\/gefico.com\/index.php\/tierra\/sector-residencial\/","name":"Sector Residencial - Gefico Enterprise","isPartOf":{"@id":"https:\/\/gefico.com\/#website"},"datePublished":"2020-06-05T08:42:25+00:00","dateModified":"2020-07-13T08:16:58+00:00","breadcrumb":{"@id":"https:\/\/gefico.com\/index.php\/tierra\/sector-residencial\/#breadcrumb"},"inLanguage":"es","potentialAction":[{"@type":"ReadAction","target":["https:\/\/gefico.com\/index.php\/tierra\/sector-residencial\/"]}]},{"@type":"BreadcrumbList","@id":"https:\/\/gefico.com\/index.php\/tierra\/sector-residencial\/#breadcrumb","itemListElement":[{"@type":"ListItem","position":1,"name":"Home","item":"https:\/\/gefico.com\/"},{"@type":"ListItem","position":2,"name":"Tierra","item":"https:\/\/gefico.com\/index.php\/tierra\/"},{"@type":"ListItem","position":3,"name":"Sector Residencial"}]},{"@type":"WebSite","@id":"https:\/\/gefico.com\/#website","url":"https:\/\/gefico.com\/","name":"Gefico Enterprise","description":"Water Solutions","publisher":{"@id":"https:\/\/gefico.com\/#organization"},"potentialAction":[{"@type":"SearchAction","target":{"@type":"EntryPoint","urlTemplate":"https:\/\/gefico.com\/?s={search_term_string}"},"query-input":{"@type":"PropertyValueSpecification","valueRequired":true,"valueName":"search_term_string"}}],"inLanguage":"es"},{"@type":"Organization","@id":"https:\/\/gefico.com\/#organization","name":"Gefico Enterprise S.L.","url":"https:\/\/gefico.com\/","logo":{"@type":"ImageObject","inLanguage":"es","@id":"https:\/\/gefico.com\/#\/schema\/logo\/image\/","url":"https:\/\/gefico.com\/wp-content\/uploads\/2020\/07\/gefico_logo.png","contentUrl":"https:\/\/gefico.com\/wp-content\/uploads\/2020\/07\/gefico_logo.png","width":2240,"height":797,"caption":"Gefico Enterprise S.L."},"image":{"@id":"https:\/\/gefico.com\/#\/schema\/logo\/image\/"},"sameAs":["https:\/\/www.instagram.com\/geficowatermakers","https:\/\/www.linkedin.com\/company\/gefico\/"]}]}},"jetpack_sharing_enabled":true,"_links":{"self":[{"href":"https:\/\/gefico.com\/index.php\/wp-json\/wp\/v2\/pages\/599","targetHints":{"allow":["GET"]}}],"collection":[{"href":"https:\/\/gefico.com\/index.php\/wp-json\/wp\/v2\/pages"}],"about":[{"href":"https:\/\/gefico.com\/index.php\/wp-json\/wp\/v2\/types\/page"}],"author":[{"embeddable":true,"href":"https:\/\/gefico.com\/index.php\/wp-json\/wp\/v2\/users\/2"}],"replies":[{"embeddable":true,"href":"https:\/\/gefico.com\/index.php\/wp-json\/wp\/v2\/comments?post=599"}],"version-history":[{"count":7,"href":"https:\/\/gefico.com\/index.php\/wp-json\/wp\/v2\/pages\/599\/revisions"}],"predecessor-version":[{"id":9268,"href":"https:\/\/gefico.com\/index.php\/wp-json\/wp\/v2\/pages\/599\/revisions\/9268"}],"up":[{"embeddable":true,"href":"https:\/\/gefico.com\/index.php\/wp-json\/wp\/v2\/pages\/506"}],"wp:attachment":[{"href":"https:\/\/gefico.com\/index.php\/wp-json\/wp\/v2\/media?parent=599"}],"curies":[{"name":"wp","href":"https:\/\/api.w.org\/{rel}","templated":true}]}}